{"id":871,"date":"2020-03-20T10:13:03","date_gmt":"2020-03-20T10:13:03","guid":{"rendered":"http:\/\/www.masbeturia.com\/home\/"},"modified":"2025-05-15T14:58:40","modified_gmt":"2025-05-15T14:58:40","slug":"home","status":"publish","type":"page","link":"https:\/\/www.masbeturia.com\/es\/","title":{"rendered":"Home"},"content":{"rendered":"<p>[et_pb_section fb_built=\u00bb1&#8243; fullwidth=\u00bbon\u00bb _builder_version=\u00bb4.16&#8243; global_colors_info=\u00bb{}\u00bb][et_pb_fullwidth_image src=\u00bbhttps:\/\/www.masbeturia.com\/wp-content\/uploads\/2020\/04\/home.png\u00bb title_text=\u00bbhome\u00bb _builder_version=\u00bb4.16&#8243; global_colors_info=\u00bb{}\u00bb][\/et_pb_fullwidth_image][\/et_pb_section][et_pb_section fb_built=\u00bb1&#8243; _builder_version=\u00bb4.16&#8243; global_colors_info=\u00bb{}\u00bb][et_pb_row column_structure=\u00bb1_4,1_4,1_4,1_4&#8243; _builder_version=\u00bb4.16&#8243; global_colors_info=\u00bb{}\u00bb][et_pb_column type=\u00bb1_4&#8243; _builder_version=\u00bb4.16&#8243; global_colors_info=\u00bb{}\u00bb][et_pb_blurb title=\u00bbCosecha propia\u00bb image=\u00bbhttps:\/\/www.masbeturia.com\/wp-content\/uploads\/2020\/03\/3.png\u00bb _builder_version=\u00bb4.16&#8243; header_text_align=\u00bbcenter\u00bb body_font=\u00bb|300|||||||\u00bb body_text_align=\u00bbcenter\u00bb animation=\u00bboff\u00bb global_colors_info=\u00bb{}\u00bb]Olivos y vi\u00f1as cultivadas en nuestras fincas familiares con m\u00e9todos respetuosos con el medio ambiente a trav\u00e9s de agricultura de producci\u00f3n integrada y\/o ecol\u00f3gica.[\/et_pb_blurb][\/et_pb_column][et_pb_column type=\u00bb1_4&#8243; _builder_version=\u00bb4.16&#8243; global_colors_info=\u00bb{}\u00bb][et_pb_blurb title=\u00bbCalidad gourmet\u00bb image=\u00bbhttps:\/\/www.masbeturia.com\/wp-content\/uploads\/2020\/03\/4.png\u00bb _builder_version=\u00bb4.16&#8243; header_text_align=\u00bbcenter\u00bb body_font=\u00bb|300|||||||\u00bb body_text_align=\u00bbcenter\u00bb animation=\u00bboff\u00bb global_colors_info=\u00bb{}\u00bb]El cuidadoso proceso de elaboraci\u00f3n convierte nuestros aceites y vinos en productos gourmet para paladares exigentes y amantes de la buena gastronom\u00eda.[\/et_pb_blurb][\/et_pb_column][et_pb_column type=\u00bb1_4&#8243; _builder_version=\u00bb4.16&#8243; global_colors_info=\u00bb{}\u00bb][et_pb_blurb title=\u00bbAceites de oliva virgen extra\u00bb image=\u00bbhttps:\/\/www.masbeturia.com\/wp-content\/uploads\/2020\/03\/5.png\u00bb _builder_version=\u00bb4.16&#8243; header_text_align=\u00bbcenter\u00bb body_font=\u00bb|300|||||||\u00bb body_text_align=\u00bbcenter\u00bb animation=\u00bboff\u00bb global_colors_info=\u00bb{}\u00bb]Producimos aceites monovarietales arbequino y empeltre virgen extra, de extracci\u00f3n en fr\u00edo, que garantizan la m\u00e1xima calidad, manteniendo todas las propiedades organol\u00e9pticas.[\/et_pb_blurb][\/et_pb_column][et_pb_column type=\u00bb1_4&#8243; _builder_version=\u00bb4.16&#8243; global_colors_info=\u00bb{}\u00bb][et_pb_blurb title=\u00bbVinos con car\u00e1cter \u00bb image=\u00bbhttps:\/\/www.masbeturia.com\/wp-content\/uploads\/2020\/03\/6.png\u00bb _builder_version=\u00bb4.27.3&#8243; header_text_align=\u00bbcenter\u00bb body_font=\u00bb|300|||||||\u00bb body_text_align=\u00bbcenter\u00bb animation=\u00bboff\u00bb hover_enabled=\u00bb0&#8243; global_colors_info=\u00bb{}\u00bb sticky_enabled=\u00bb0&#8243;]<\/p>\n<p>El coupage de la aut\u00f3ctona garnacha con las arraigadas syrah y cabernet sauvignon y el terru\u00f1o de nuestros vi\u00f1edos dan car\u00e1cter a nuestros vinos.<\/p>\n<p>[\/et_pb_blurb][\/et_pb_column][\/et_pb_row][\/et_pb_section][et_pb_section fb_built=\u00bb1&#8243; module_class=\u00bbhome_coneix-nos\u00bb _builder_version=\u00bb4.16&#8243; background_image=\u00bbhttps:\/\/www.masbeturia.com\/wp-content\/uploads\/2020\/03\/2.png\u00bb custom_padding=\u00bb0px||0px||false|false\u00bb global_colors_info=\u00bb{}\u00bb][et_pb_row column_structure=\u00bb1_2,1_2&#8243; use_custom_gutter=\u00bbon\u00bb gutter_width=\u00bb1&#8243; make_equal=\u00bbon\u00bb _builder_version=\u00bb4.16&#8243; width=\u00bb100%\u00bb max_width=\u00bb100%\u00bb custom_padding=\u00bb0px||0px||false|false\u00bb global_colors_info=\u00bb{}\u00bb][et_pb_column type=\u00bb1_2&#8243; _builder_version=\u00bb4.16&#8243; background_color=\u00bbrgba(255,224,182,0.75)\u00bb custom_padding=\u00bb65px|20px|65px|20px|false|false\u00bb custom_padding_tablet=\u00bb|20px||20px|false|false\u00bb custom_padding_phone=\u00bb\u00bb custom_padding_last_edited=\u00bbon|phone\u00bb global_colors_info=\u00bb{}\u00bb][et_pb_text _builder_version=\u00bb4.16&#8243; max_width=\u00bb580px\u00bb module_alignment=\u00bbcenter\u00bb global_colors_info=\u00bb{}\u00bb]<\/p>\n<h1 class=\"h2\">Mas Beturi\u00e0, aceites y vinos de producci\u00f3n ecol\u00f3gica<\/h1>\n<p>En Mas Beturi\u00e0 elaboramos aceites de oliva virgen extra y vinos de cosecha propia con m\u00e9todos respetuosos con el medio ambiente. Este es un proyecto familiar que apuesta por el desarrollo sostenible y la calidad de los frutos. Nos gusta cuidar nuestros \u00e1rboles de forma natural y ponemos todo el esfuerzo para obtener productos de calidad premium para los paladares m\u00e1s exigentes.<\/p>\n<p>[\/et_pb_text][et_pb_button button_url=\u00bbhttps:\/\/www.masbeturia.com\/es\/empresa\/\u00bb button_text=\u00bbCon\u00f3cenos\u00bb _builder_version=\u00bb4.16&#8243; custom_button=\u00bbon\u00bb button_bg_color=\u00bbrgba(0,0,0,0)\u00bb button_font=\u00bb||||||||\u00bb button_use_icon=\u00bboff\u00bb global_colors_info=\u00bb{}\u00bb button_bg_color__hover_enabled=\u00bbon|hover\u00bb button_bg_color__hover=\u00bb#ffffff\u00bb button_bg_enable_color__hover=\u00bbon\u00bb][\/et_pb_button][\/et_pb_column][et_pb_column type=\u00bb1_2&#8243; _builder_version=\u00bb4.16&#8243; global_colors_info=\u00bb{}\u00bb][\/et_pb_column][\/et_pb_row][\/et_pb_section][et_pb_section fb_built=\u00bb1&#8243; _builder_version=\u00bb4.16&#8243; custom_padding=\u00bb53px||53px||false|false\u00bb global_colors_info=\u00bb{}\u00bb][et_pb_row _builder_version=\u00bb4.16&#8243; global_colors_info=\u00bb{}\u00bb][et_pb_column type=\u00bb4_4&#8243; _builder_version=\u00bb4.16&#8243; global_colors_info=\u00bb{}\u00bb][et_pb_text _builder_version=\u00bb4.16&#8243; header_text_align=\u00bbleft\u00bb header_2_text_align=\u00bbcenter\u00bb custom_margin=\u00bb||45px|||\u00bb global_colors_info=\u00bb{}\u00bb]<\/p>\n<h2>Productos destacados<\/h2>\n<p>[\/et_pb_text][et_pb_shop type=\u00bbfeatured\u00bb posts_number=\u00bb3&#8243; columns_number=\u00bb3&#8243; module_class=\u00bbhome_destacats home_destacats-3col\u00bb _builder_version=\u00bb4.16&#8243; title_font_size=\u00bb16px\u00bb price_font=\u00bb|700|||||||\u00bb price_text_color=\u00bb#c3a571&#8243; price_font_size=\u00bb20px\u00bb max_width=\u00bb900px\u00bb max_width_tablet=\u00bb\u00bb max_width_phone=\u00bb\u00bb max_width_last_edited=\u00bbon|tablet\u00bb module_alignment=\u00bbcenter\u00bb custom_margin=\u00bb||0px|||\u00bb border_color_all_image=\u00bb#c3a571&#8243; global_colors_info=\u00bb{}\u00bb][\/et_pb_shop][et_pb_button button_url=\u00bbhttps:\/\/www.masbeturia.com\/es\/tienda\/\u00bb button_text=\u00bbVisita nuestra tienda\u00bb button_alignment=\u00bbcenter\u00bb _builder_version=\u00bb4.16&#8243; global_colors_info=\u00bb{}\u00bb][\/et_pb_button][\/et_pb_column][\/et_pb_row][\/et_pb_section][et_pb_section fb_built=\u00bb1&#8243; disabled_on=\u00bbon|on|on\u00bb admin_label=\u00bbCta Oleoturisme\u00bb module_class=\u00bbhome_oleoturisme\u00bb _builder_version=\u00bb4.16&#8243; background_image=\u00bbhttps:\/\/www.masbeturia.com\/wp-content\/uploads\/2020\/03\/7.png\u00bb disabled=\u00bbon\u00bb saved_tabs=\u00bball\u00bb global_colors_info=\u00bb{}\u00bb][et_pb_row _builder_version=\u00bb4.16&#8243; global_colors_info=\u00bb{}\u00bb][et_pb_column type=\u00bb4_4&#8243; _builder_version=\u00bb4.16&#8243; global_colors_info=\u00bb{}\u00bb][et_pb_text _builder_version=\u00bb4.16&#8243; header_2_text_align=\u00bbcenter\u00bb background_layout=\u00bbdark\u00bb global_colors_info=\u00bb{}\u00bb]<\/p>\n<h2>Oleoturismo<\/h2>\n<p>[\/et_pb_text][et_pb_text _builder_version=\u00bb4.16&#8243; text_text_color=\u00bb#ffffff\u00bb text_orientation=\u00bbcenter\u00bb background_layout=\u00bbdark\u00bb max_width=\u00bb850px\u00bb module_alignment=\u00bbcenter\u00bb global_colors_info=\u00bb{}\u00bb]<\/p>\n<p class=\"text-blanc\">Os invitamos a descubrir el aceite con un inicio a la cata de aceites para conocerlos y saber valorarlos, a disfrutar de degustaciones de productos elaborados con aceite y a maridarlo todo con los seductores vinos de nuestras vi\u00f1as. \u00a1Una experiencia ideal para disfrutar en familia o con amigos!<\/p>\n<p>[\/et_pb_text][et_pb_button button_url=\u00bbhttps:\/\/www.masbeturia.com\/es\/oleoturismo\/\u00bb button_text=\u00bbReservas\u00bb button_alignment=\u00bbcenter\u00bb _builder_version=\u00bb4.16&#8243; custom_button=\u00bbon\u00bb button_text_color=\u00bb#ffffff\u00bb button_bg_color=\u00bbrgba(0,0,0,0)\u00bb button_border_color=\u00bb#ffffff\u00bb button_font=\u00bb||||||||\u00bb button_use_icon=\u00bboff\u00bb global_colors_info=\u00bb{}\u00bb button_text_color__hover_enabled=\u00bbon|hover\u00bb button_text_color__hover=\u00bb#272727&#8243;][\/et_pb_button][\/et_pb_column][\/et_pb_row][\/et_pb_section]<\/p>\n","protected":false},"excerpt":{"rendered":"<p>Olivos y vi\u00f1as cultivadas en nuestras fincas familiares con m\u00e9todos respetuosos con el medio ambiente a trav\u00e9s de agricultura de producci\u00f3n integrada y\/o ecol\u00f3gica.El cuidadoso proceso de elaboraci\u00f3n convierte nuestros aceites y vinos en productos gourmet para paladares exigentes y amantes de la buena gastronom\u00eda.Producimos aceites monovarietales arbequino y empeltre virgen extra, de extracci\u00f3n en [&hellip;]<\/p>\n","protected":false},"author":1,"featured_media":0,"parent":0,"menu_order":0,"comment_status":"closed","ping_status":"closed","template":"","meta":{"_et_pb_use_builder":"on","_et_pb_old_content":"","_et_gb_content_width":"","footnotes":""},"class_list":["post-871","page","type-page","status-publish","hentry"],"yoast_head":"<!-- This site is optimized with the Yoast SEO plugin v23.9 - https:\/\/yoast.com\/wordpress\/plugins\/seo\/ -->\n<title>Home - Mas Beturi\u00e0<\/title>\n<meta name=\"robots\" content=\"index, follow, max-snippet:-1, max-image-preview:large, max-video-preview:-1\" \/>\n<link rel=\"canonical\" href=\"https:\/\/www.masbeturia.com\/es\/\" \/>\n<meta property=\"og:locale\" content=\"es_ES\" \/>\n<meta property=\"og:type\" content=\"article\" \/>\n<meta property=\"og:title\" content=\"Home - Mas Beturi\u00e0\" \/>\n<meta property=\"og:description\" content=\"Olivos y vi\u00f1as cultivadas en nuestras fincas familiares con m\u00e9todos respetuosos con el medio ambiente a trav\u00e9s de agricultura de producci\u00f3n integrada y\/o ecol\u00f3gica.El cuidadoso proceso de elaboraci\u00f3n convierte nuestros aceites y vinos en productos gourmet para paladares exigentes y amantes de la buena gastronom\u00eda.Producimos aceites monovarietales arbequino y empeltre virgen extra, de extracci\u00f3n en [&hellip;]\" \/>\n<meta property=\"og:url\" content=\"https:\/\/www.masbeturia.com\/es\/\" \/>\n<meta property=\"og:site_name\" content=\"Mas Beturi\u00e0\" \/>\n<meta property=\"article:modified_time\" content=\"2025-05-15T14:58:40+00:00\" \/>\n<meta name=\"twitter:card\" content=\"summary_large_image\" \/>\n<meta name=\"twitter:label1\" content=\"Tiempo de lectura\" \/>\n\t<meta name=\"twitter:data1\" content=\"3 minutos\" \/>\n<script type=\"application\/ld+json\" class=\"yoast-schema-graph\">{\"@context\":\"https:\/\/schema.org\",\"@graph\":[{\"@type\":\"WebPage\",\"@id\":\"https:\/\/www.masbeturia.com\/es\/\",\"url\":\"https:\/\/www.masbeturia.com\/es\/\",\"name\":\"Home - Mas Beturi\u00e0\",\"isPartOf\":{\"@id\":\"https:\/\/www.masbeturia.com\/#website\"},\"datePublished\":\"2020-03-20T10:13:03+00:00\",\"dateModified\":\"2025-05-15T14:58:40+00:00\",\"breadcrumb\":{\"@id\":\"https:\/\/www.masbeturia.com\/es\/#breadcrumb\"},\"inLanguage\":\"es\",\"potentialAction\":[{\"@type\":\"ReadAction\",\"target\":[\"https:\/\/www.masbeturia.com\/es\/\"]}]},{\"@type\":\"BreadcrumbList\",\"@id\":\"https:\/\/www.masbeturia.com\/es\/#breadcrumb\",\"itemListElement\":[{\"@type\":\"ListItem\",\"position\":1,\"name\":\"Portada\",\"item\":\"https:\/\/www.masbeturia.com\/es\/\"},{\"@type\":\"ListItem\",\"position\":2,\"name\":\"Home\"}]},{\"@type\":\"WebSite\",\"@id\":\"https:\/\/www.masbeturia.com\/#website\",\"url\":\"https:\/\/www.masbeturia.com\/\",\"name\":\"Mas Beturi\u00e0\",\"description\":\"\",\"potentialAction\":[{\"@type\":\"SearchAction\",\"target\":{\"@type\":\"EntryPoint\",\"urlTemplate\":\"https:\/\/www.masbeturia.com\/?s={search_term_string}\"},\"query-input\":{\"@type\":\"PropertyValueSpecification\",\"valueRequired\":true,\"valueName\":\"search_term_string\"}}],\"inLanguage\":\"es\"}]}<\/script>\n<!-- \/ Yoast SEO plugin. -->","yoast_head_json":{"title":"Home - Mas Beturi\u00e0","robots":{"index":"index","follow":"follow","max-snippet":"max-snippet:-1","max-image-preview":"max-image-preview:large","max-video-preview":"max-video-preview:-1"},"canonical":"https:\/\/www.masbeturia.com\/es\/","og_locale":"es_ES","og_type":"article","og_title":"Home - Mas Beturi\u00e0","og_description":"Olivos y vi\u00f1as cultivadas en nuestras fincas familiares con m\u00e9todos respetuosos con el medio ambiente a trav\u00e9s de agricultura de producci\u00f3n integrada y\/o ecol\u00f3gica.El cuidadoso proceso de elaboraci\u00f3n convierte nuestros aceites y vinos en productos gourmet para paladares exigentes y amantes de la buena gastronom\u00eda.Producimos aceites monovarietales arbequino y empeltre virgen extra, de extracci\u00f3n en [&hellip;]","og_url":"https:\/\/www.masbeturia.com\/es\/","og_site_name":"Mas Beturi\u00e0","article_modified_time":"2025-05-15T14:58:40+00:00","twitter_card":"summary_large_image","twitter_misc":{"Tiempo de lectura":"3 minutos"},"schema":{"@context":"https:\/\/schema.org","@graph":[{"@type":"WebPage","@id":"https:\/\/www.masbeturia.com\/es\/","url":"https:\/\/www.masbeturia.com\/es\/","name":"Home - Mas Beturi\u00e0","isPartOf":{"@id":"https:\/\/www.masbeturia.com\/#website"},"datePublished":"2020-03-20T10:13:03+00:00","dateModified":"2025-05-15T14:58:40+00:00","breadcrumb":{"@id":"https:\/\/www.masbeturia.com\/es\/#breadcrumb"},"inLanguage":"es","potentialAction":[{"@type":"ReadAction","target":["https:\/\/www.masbeturia.com\/es\/"]}]},{"@type":"BreadcrumbList","@id":"https:\/\/www.masbeturia.com\/es\/#breadcrumb","itemListElement":[{"@type":"ListItem","position":1,"name":"Portada","item":"https:\/\/www.masbeturia.com\/es\/"},{"@type":"ListItem","position":2,"name":"Home"}]},{"@type":"WebSite","@id":"https:\/\/www.masbeturia.com\/#website","url":"https:\/\/www.masbeturia.com\/","name":"Mas Beturi\u00e0","description":"","potentialAction":[{"@type":"SearchAction","target":{"@type":"EntryPoint","urlTemplate":"https:\/\/www.masbeturia.com\/?s={search_term_string}"},"query-input":{"@type":"PropertyValueSpecification","valueRequired":true,"valueName":"search_term_string"}}],"inLanguage":"es"}]}},"_links":{"self":[{"href":"https:\/\/www.masbeturia.com\/es\/wp-json\/wp\/v2\/pages\/871","targetHints":{"allow":["GET"]}}],"collection":[{"href":"https:\/\/www.masbeturia.com\/es\/wp-json\/wp\/v2\/pages"}],"about":[{"href":"https:\/\/www.masbeturia.com\/es\/wp-json\/wp\/v2\/types\/page"}],"author":[{"embeddable":true,"href":"https:\/\/www.masbeturia.com\/es\/wp-json\/wp\/v2\/users\/1"}],"replies":[{"embeddable":true,"href":"https:\/\/www.masbeturia.com\/es\/wp-json\/wp\/v2\/comments?post=871"}],"version-history":[{"count":13,"href":"https:\/\/www.masbeturia.com\/es\/wp-json\/wp\/v2\/pages\/871\/revisions"}],"predecessor-version":[{"id":2042,"href":"https:\/\/www.masbeturia.com\/es\/wp-json\/wp\/v2\/pages\/871\/revisions\/2042"}],"wp:attachment":[{"href":"https:\/\/www.masbeturia.com\/es\/wp-json\/wp\/v2\/media?parent=871"}],"curies":[{"name":"wp","href":"https:\/\/api.w.org\/{rel}","templated":true}]}}