{"id":875,"date":"2020-03-20T10:18:52","date_gmt":"2020-03-20T10:18:52","guid":{"rendered":"http:\/\/www.masbeturia.com\/aviso-legal-y-lopd\/"},"modified":"2020-03-20T10:18:52","modified_gmt":"2020-03-20T10:18:52","slug":"aviso-legal-y-lopd","status":"publish","type":"page","link":"https:\/\/www.masbeturia.com\/es\/aviso-legal-y-lopd\/","title":{"rendered":"Aviso legal y LOPD"},"content":{"rendered":"<div class=\"rte\">\n<p><strong>Titular: Yolanda Viver &#8211;\u00a0<span id=\"result_box\" lang=\"en\"><span title=\"Qualsevol comunicaci\u00f3 es podr\u00e0 dirigir el domicili social, als tel\u00e8fons 973 130 514 \/ 616 011 120 \/ 609 494 787 oa l'adre\u00e7a de correu electr\u00f2nic info@oliestrabada.com.\">DNI 73156229Z<\/span><\/span><\/strong><br \/>\n<strong>Direcci\u00f3n: Gaud\u00ed, 4. 43786<\/strong><strong>. Batea(Tarragona)<\/strong><br \/>\n<strong>Correo electronico: masbeturia@gmail.com<\/strong><strong><br \/>\nTelefonos:\u00a0977 430 292 \/\u00a0649 054 824<br \/>\n<\/strong><\/p>\n<p>&nbsp;<\/p>\n<p align=\"justify\"><span id=\"result_box\" lang=\"es\"><span class=\"hps\">Mas<\/span>\u00a0Beturi\u00e0\u00a0<span class=\"hps\">rechaza<\/span>\u00a0<span class=\"hps\">toda responsabilidad<\/span>\u00a0<span class=\"hps\">derivada del uso<\/span>\u00a0<span class=\"hps\">incorrecto<\/span>, inapropiado\u00a0<span class=\"hps\">o il\u00edcito<\/span>\u00a0<span class=\"hps\">de la informaci\u00f3n<\/span>\u00a0<span class=\"hps\">aparecida en sus<\/span>\u00a0<span class=\"hps\">p\u00e1ginas<\/span>\u00a0<span class=\"hps\">de Internet.<\/span><\/span><\/p>\n<p><span class=\"hps\">Los textos,<\/span>\u00a0<span class=\"hps\">im\u00e1genes<\/span>,\u00a0<span class=\"hps\">sonidos<\/span>,\u00a0<span class=\"hps\">animaciones<\/span>\u00a0<span class=\"hps\">y el resto<\/span>\u00a0<span class=\"hps\">de contenidos incluidos<\/span>\u00a0<span class=\"hps\">en este<\/span>\u00a0<span class=\"hps\">web son<\/span>\u00a0<span class=\"hps\">propiedad exclusiva<\/span>\u00a0<span class=\"hps\">de Mas<\/span>\u00a0Beturi\u00e0.\u00a0<span class=\"hps\">Cualquier acto<\/span>\u00a0<span class=\"hps\">de transmisi\u00f3n<\/span>,\u00a0<span class=\"hps\">distribuci\u00f3n<\/span>,\u00a0<span class=\"hps\">cesi\u00f3n<\/span>, reproducci\u00f3n,\u00a0<span class=\"hps\">almacenamiento<\/span>\u00a0<span class=\"hps\">o comunicaci\u00f3n<\/span>\u00a0<span class=\"hps\">p\u00fablica total o<\/span>\u00a0<span class=\"hps\">parcial<\/span>, debe contar\u00a0<span class=\"hps\">con el consentimiento expreso<\/span>\u00a0<span class=\"hps\">del propietario<\/span>.<\/p>\n<p><span class=\"hps\">De acuerdo con la<\/span>\u00a0<span class=\"hps\">LOPD<\/span>,\u00a0<span class=\"hps\">le informamos<\/span>\u00a0<span class=\"hps\">que sus datos<\/span>\u00a0<span class=\"hps\">personales y<\/span>\u00a0<span class=\"hps\">direcci\u00f3n de correo<\/span>\u00a0<span class=\"hps\">electr\u00f3nico<\/span>\u00a0<span class=\"hps\">forman<\/span>\u00a0<span class=\"hps\">parte de un fichero<\/span>,\u00a0<span class=\"hps\">cuyo responsable<\/span>\u00a0<span class=\"hps\">es<\/span>\u00a0<span class=\"hps\">Yolanda<\/span>\u00a0<span class=\"hps\">Viver<\/span>,\u00a0<span class=\"hps\">siendo<\/span>\u00a0<span class=\"hps\">la finalidad del fichero<\/span>, la gesti\u00f3n\u00a0<span class=\"hps\">de car\u00e1cter comercial<\/span>\u00a0<span class=\"hps\">y el env\u00edo<\/span>\u00a0<span class=\"hps\">de comunicaciones<\/span>\u00a0<span class=\"hps\">comerciales<\/span>\u00a0<span class=\"hps\">sobre nuestros<\/span>\u00a0<span class=\"hps\">productos<\/span>\u00a0<span class=\"hps\">y<\/span>\u00a0<span class=\"hps\">\/<\/span>\u00a0<span class=\"hps\">o servicios<\/span>.<\/p>\n<p><span class=\"hps\">Si<\/span>\u00a0<span class=\"hps\">lo desea, puede<\/span>\u00a0<span class=\"hps\">usted<\/span>\u00a0<span class=\"hps\">ejercer los<\/span>\u00a0<span class=\"hps\">derechos<\/span>\u00a0<span class=\"hps\">de acceso<\/span>,\u00a0<span class=\"hps\">rectificaci\u00f3n<\/span>,\u00a0<span class=\"hps\">cancelaci\u00f3n y<\/span>\u00a0<span class=\"hps\">oposici\u00f3n<\/span>\u00a0<span class=\"hps\">de sus datos<\/span>\u00a0<span class=\"hps\">enviando un<\/span>\u00a0<span class=\"hps\">mensaje a<\/span>\u00a0<span class=\"hps\">la siguiente<\/span><span class=\"hps\">direcci\u00f3n de correo<\/span>\u00a0<span class=\"hps\">electr\u00f3nico a<\/span>\u00a0<span class=\"hps\">masbeturia@gmail.com<\/span>.<\/p>\n<\/div>\n<p>&nbsp;<\/p>\n<p>&nbsp;<\/p>\n","protected":false},"excerpt":{"rendered":"<p>Titular: Yolanda Viver &#8211;\u00a0DNI 73156229Z Direcci\u00f3n: Gaud\u00ed, 4. 43786. Batea(Tarragona) Correo electronico: masbeturia@gmail.com Telefonos:\u00a0977 430 292 \/\u00a0649 054 824 &nbsp; Mas\u00a0Beturi\u00e0\u00a0rechaza\u00a0toda responsabilidad\u00a0derivada del uso\u00a0incorrecto, inapropiado\u00a0o il\u00edcito\u00a0de la informaci\u00f3n\u00a0aparecida en sus\u00a0p\u00e1ginas\u00a0de Internet. Los textos,\u00a0im\u00e1genes,\u00a0sonidos,\u00a0animaciones\u00a0y el resto\u00a0de contenidos incluidos\u00a0en este\u00a0web son\u00a0propiedad exclusiva\u00a0de Mas\u00a0Beturi\u00e0.\u00a0Cualquier acto\u00a0de transmisi\u00f3n,\u00a0distribuci\u00f3n,\u00a0cesi\u00f3n, reproducci\u00f3n,\u00a0almacenamiento\u00a0o comunicaci\u00f3n\u00a0p\u00fablica total o\u00a0parcial, debe contar\u00a0con el consentimiento expreso\u00a0del propietario. De acuerdo [&hellip;]<\/p>\n","protected":false},"author":1,"featured_media":0,"parent":0,"menu_order":0,"comment_status":"closed","ping_status":"closed","template":"","meta":{"_et_pb_use_builder":"","_et_pb_old_content":"","_et_gb_content_width":"","footnotes":""},"class_list":["post-875","page","type-page","status-publish","hentry"],"yoast_head":"<!-- This site is optimized with the Yoast SEO plugin v27.4 - https:\/\/yoast.com\/product\/yoast-seo-wordpress\/ -->\n<title>Aviso legal y LOPD - Mas Beturi\u00e0<\/title>\n<meta name=\"robots\" content=\"noindex, follow\" \/>\n<meta property=\"og:locale\" content=\"es_ES\" \/>\n<meta property=\"og:type\" content=\"article\" \/>\n<meta property=\"og:title\" content=\"Aviso legal y LOPD - Mas Beturi\u00e0\" \/>\n<meta property=\"og:description\" content=\"Titular: Yolanda Viver &#8211;\u00a0DNI 73156229Z Direcci\u00f3n: Gaud\u00ed, 4. 43786. Batea(Tarragona) Correo electronico: masbeturia@gmail.com Telefonos:\u00a0977 430 292 \/\u00a0649 054 824 &nbsp; Mas\u00a0Beturi\u00e0\u00a0rechaza\u00a0toda responsabilidad\u00a0derivada del uso\u00a0incorrecto, inapropiado\u00a0o il\u00edcito\u00a0de la informaci\u00f3n\u00a0aparecida en sus\u00a0p\u00e1ginas\u00a0de Internet. Los textos,\u00a0im\u00e1genes,\u00a0sonidos,\u00a0animaciones\u00a0y el resto\u00a0de contenidos incluidos\u00a0en este\u00a0web son\u00a0propiedad exclusiva\u00a0de Mas\u00a0Beturi\u00e0.\u00a0Cualquier acto\u00a0de transmisi\u00f3n,\u00a0distribuci\u00f3n,\u00a0cesi\u00f3n, reproducci\u00f3n,\u00a0almacenamiento\u00a0o comunicaci\u00f3n\u00a0p\u00fablica total o\u00a0parcial, debe contar\u00a0con el consentimiento expreso\u00a0del propietario. De acuerdo [&hellip;]\" \/>\n<meta property=\"og:url\" content=\"https:\/\/www.masbeturia.com\/avis-legal\/\" \/>\n<meta property=\"og:site_name\" content=\"Mas Beturi\u00e0\" \/>\n<meta name=\"twitter:card\" content=\"summary_large_image\" \/>\n<meta name=\"twitter:label1\" content=\"Tiempo de lectura\" \/>\n\t<meta name=\"twitter:data1\" content=\"1 minuto\" \/>\n<script type=\"application\/ld+json\" class=\"yoast-schema-graph\">{\"@context\":\"https:\\\/\\\/schema.org\",\"@graph\":[{\"@type\":\"WebPage\",\"@id\":\"https:\\\/\\\/www.masbeturia.com\\\/avis-legal\\\/\",\"url\":\"https:\\\/\\\/www.masbeturia.com\\\/avis-legal\\\/\",\"name\":\"Aviso legal y LOPD - Mas Beturi\u00e0\",\"isPartOf\":{\"@id\":\"https:\\\/\\\/www.masbeturia.com\\\/#website\"},\"datePublished\":\"2020-03-20T10:18:52+00:00\",\"breadcrumb\":{\"@id\":\"https:\\\/\\\/www.masbeturia.com\\\/avis-legal\\\/#breadcrumb\"},\"inLanguage\":\"es\",\"potentialAction\":[{\"@type\":\"ReadAction\",\"target\":[\"https:\\\/\\\/www.masbeturia.com\\\/avis-legal\\\/\"]}]},{\"@type\":\"BreadcrumbList\",\"@id\":\"https:\\\/\\\/www.masbeturia.com\\\/avis-legal\\\/#breadcrumb\",\"itemListElement\":[{\"@type\":\"ListItem\",\"position\":1,\"name\":\"Portada\",\"item\":\"https:\\\/\\\/www.masbeturia.com\\\/es\\\/\"},{\"@type\":\"ListItem\",\"position\":2,\"name\":\"Aviso legal y LOPD\"}]},{\"@type\":\"WebSite\",\"@id\":\"https:\\\/\\\/www.masbeturia.com\\\/#website\",\"url\":\"https:\\\/\\\/www.masbeturia.com\\\/\",\"name\":\"Mas Beturi\u00e0\",\"description\":\"\",\"potentialAction\":[{\"@type\":\"SearchAction\",\"target\":{\"@type\":\"EntryPoint\",\"urlTemplate\":\"https:\\\/\\\/www.masbeturia.com\\\/?s={search_term_string}\"},\"query-input\":{\"@type\":\"PropertyValueSpecification\",\"valueRequired\":true,\"valueName\":\"search_term_string\"}}],\"inLanguage\":\"es\"}]}<\/script>\n<!-- \/ Yoast SEO plugin. -->","yoast_head_json":{"title":"Aviso legal y LOPD - Mas Beturi\u00e0","robots":{"index":"noindex","follow":"follow"},"og_locale":"es_ES","og_type":"article","og_title":"Aviso legal y LOPD - Mas Beturi\u00e0","og_description":"Titular: Yolanda Viver &#8211;\u00a0DNI 73156229Z Direcci\u00f3n: Gaud\u00ed, 4. 43786. Batea(Tarragona) Correo electronico: masbeturia@gmail.com Telefonos:\u00a0977 430 292 \/\u00a0649 054 824 &nbsp; Mas\u00a0Beturi\u00e0\u00a0rechaza\u00a0toda responsabilidad\u00a0derivada del uso\u00a0incorrecto, inapropiado\u00a0o il\u00edcito\u00a0de la informaci\u00f3n\u00a0aparecida en sus\u00a0p\u00e1ginas\u00a0de Internet. Los textos,\u00a0im\u00e1genes,\u00a0sonidos,\u00a0animaciones\u00a0y el resto\u00a0de contenidos incluidos\u00a0en este\u00a0web son\u00a0propiedad exclusiva\u00a0de Mas\u00a0Beturi\u00e0.\u00a0Cualquier acto\u00a0de transmisi\u00f3n,\u00a0distribuci\u00f3n,\u00a0cesi\u00f3n, reproducci\u00f3n,\u00a0almacenamiento\u00a0o comunicaci\u00f3n\u00a0p\u00fablica total o\u00a0parcial, debe contar\u00a0con el consentimiento expreso\u00a0del propietario. De acuerdo [&hellip;]","og_url":"https:\/\/www.masbeturia.com\/avis-legal\/","og_site_name":"Mas Beturi\u00e0","twitter_card":"summary_large_image","twitter_misc":{"Tiempo de lectura":"1 minuto"},"schema":{"@context":"https:\/\/schema.org","@graph":[{"@type":"WebPage","@id":"https:\/\/www.masbeturia.com\/avis-legal\/","url":"https:\/\/www.masbeturia.com\/avis-legal\/","name":"Aviso legal y LOPD - Mas Beturi\u00e0","isPartOf":{"@id":"https:\/\/www.masbeturia.com\/#website"},"datePublished":"2020-03-20T10:18:52+00:00","breadcrumb":{"@id":"https:\/\/www.masbeturia.com\/avis-legal\/#breadcrumb"},"inLanguage":"es","potentialAction":[{"@type":"ReadAction","target":["https:\/\/www.masbeturia.com\/avis-legal\/"]}]},{"@type":"BreadcrumbList","@id":"https:\/\/www.masbeturia.com\/avis-legal\/#breadcrumb","itemListElement":[{"@type":"ListItem","position":1,"name":"Portada","item":"https:\/\/www.masbeturia.com\/es\/"},{"@type":"ListItem","position":2,"name":"Aviso legal y LOPD"}]},{"@type":"WebSite","@id":"https:\/\/www.masbeturia.com\/#website","url":"https:\/\/www.masbeturia.com\/","name":"Mas Beturi\u00e0","description":"","potentialAction":[{"@type":"SearchAction","target":{"@type":"EntryPoint","urlTemplate":"https:\/\/www.masbeturia.com\/?s={search_term_string}"},"query-input":{"@type":"PropertyValueSpecification","valueRequired":true,"valueName":"search_term_string"}}],"inLanguage":"es"}]}},"_links":{"self":[{"href":"https:\/\/www.masbeturia.com\/es\/wp-json\/wp\/v2\/pages\/875","targetHints":{"allow":["GET"]}}],"collection":[{"href":"https:\/\/www.masbeturia.com\/es\/wp-json\/wp\/v2\/pages"}],"about":[{"href":"https:\/\/www.masbeturia.com\/es\/wp-json\/wp\/v2\/types\/page"}],"author":[{"embeddable":true,"href":"https:\/\/www.masbeturia.com\/es\/wp-json\/wp\/v2\/users\/1"}],"replies":[{"embeddable":true,"href":"https:\/\/www.masbeturia.com\/es\/wp-json\/wp\/v2\/comments?post=875"}],"version-history":[{"count":0,"href":"https:\/\/www.masbeturia.com\/es\/wp-json\/wp\/v2\/pages\/875\/revisions"}],"wp:attachment":[{"href":"https:\/\/www.masbeturia.com\/es\/wp-json\/wp\/v2\/media?parent=875"}],"curies":[{"name":"wp","href":"https:\/\/api.w.org\/{rel}","templated":true}]}}