{"id":976,"date":"2020-03-23T10:51:39","date_gmt":"2020-03-23T10:51:39","guid":{"rendered":"https:\/\/www.masbeturia.com\/contacto\/"},"modified":"2020-03-23T10:52:44","modified_gmt":"2020-03-23T10:52:44","slug":"contacto","status":"publish","type":"page","link":"https:\/\/www.masbeturia.com\/es\/contacto\/","title":{"rendered":"Contacto"},"content":{"rendered":"<p>[et_pb_section fb_built=\u00bb1&#8243; _builder_version=\u00bb4.4.1&#8243; background_image=\u00bbhttps:\/\/www.masbeturia.com\/wp-content\/uploads\/2020\/03\/37.png\u00bb locked=\u00bboff\u00bb][et_pb_row _builder_version=\u00bb4.3.4&#8243; custom_padding=\u00bb||19px||false|false\u00bb][et_pb_column type=\u00bb4_4&#8243; _builder_version=\u00bb4.3.4&#8243;][et_pb_text _builder_version=\u00bb4.4.1&#8243; header_text_align=\u00bbcenter\u00bb header_text_color=\u00bb#ffffff\u00bb header_text_shadow_style=\u00bbpreset5&#8243; header_text_shadow_horizontal_length=\u00bb0.03em\u00bb header_text_shadow_vertical_length=\u00bb0.03em\u00bb header_text_shadow_color=\u00bbrgba(0,0,0,0.5)\u00bb]<\/p>\n<h1>Contacto<\/h1>\n<p>[\/et_pb_text][\/et_pb_column][\/et_pb_row][\/et_pb_section][et_pb_section fb_built=\u00bb1&#8243; module_class=\u00bboleoturisme_formulari contacte_formulari\u00bb _builder_version=\u00bb4.4.1&#8243; background_enable_image=\u00bboff\u00bb][et_pb_row column_structure=\u00bb1_2,1_2&#8243; _builder_version=\u00bb4.4.1&#8243; custom_padding=\u00bb24px||24px||false|false\u00bb][et_pb_column type=\u00bb1_2&#8243; _builder_version=\u00bb4.4.1&#8243;][et_pb_text _builder_version=\u00bb4.4.1&#8243;]<\/p>\n<h2>Contacta con nosotros<\/h2>\n<p>Si desea ponerse en contacto con nosotros, hacernos sugerencias o resolver cualquier duda, puede hacerlo mediante el tel\u00e9fono <a href=\"tel:+34649054824\">649 054 824<\/a>, enviando un correo electr\u00f3nico a <a href=\"mailto:info@masbeturia.com\">info@masbeturia.com<\/a> o rellenando el formulario de contacto siguiente:<\/p>\n<p>[\/et_pb_text][et_pb_code _builder_version=\u00bb4.4.1&#8243; hover_enabled=\u00bb0&#8243;]\n<div class=\"wpcf7 no-js\" id=\"wpcf7-f969-o1\" lang=\"es-ES\" dir=\"ltr\" data-wpcf7-id=\"969\">\n<div class=\"screen-reader-response\"><p role=\"status\" aria-live=\"polite\" aria-atomic=\"true\"><\/p> <ul><\/ul><\/div>\n<form action=\"\/es\/wp-json\/wp\/v2\/pages\/976#wpcf7-f969-o1\" method=\"post\" class=\"wpcf7-form init wpcf7-acceptance-as-validation\" aria-label=\"Formulario de contacto\" novalidate=\"novalidate\" data-status=\"init\">\n<fieldset class=\"hidden-fields-container\"><input type=\"hidden\" name=\"_wpcf7\" value=\"969\" \/><input type=\"hidden\" name=\"_wpcf7_version\" value=\"6.1.5\" \/><input type=\"hidden\" name=\"_wpcf7_locale\" value=\"es_ES\" \/><input type=\"hidden\" name=\"_wpcf7_unit_tag\" value=\"wpcf7-f969-o1\" \/><input type=\"hidden\" name=\"_wpcf7_container_post\" value=\"0\" \/><input type=\"hidden\" name=\"_wpcf7_posted_data_hash\" value=\"\" \/><input type=\"hidden\" name=\"_wpcf7_recaptcha_response\" value=\"\" \/>\n<\/fieldset>\n<p><label class=\"p2 tbold\">Nombre:<br \/>\n<span class=\"wpcf7-form-control-wrap\" data-name=\"your-name\"><input size=\"40\" maxlength=\"400\" class=\"wpcf7-form-control wpcf7-text wpcf7-validates-as-required\" aria-required=\"true\" aria-invalid=\"false\" value=\"\" type=\"text\" name=\"your-name\" \/><\/span> <\/label>\n<\/p>\n<p><label class=\"p2 tbold\">Tel\u00e9fono:<br \/>\n<span class=\"wpcf7-form-control-wrap\" data-name=\"your-phone\"><input size=\"40\" maxlength=\"400\" class=\"wpcf7-form-control wpcf7-tel wpcf7-validates-as-required wpcf7-text wpcf7-validates-as-tel\" aria-required=\"true\" aria-invalid=\"false\" value=\"\" type=\"tel\" name=\"your-phone\" \/><\/span> <\/label>\n<\/p>\n<p><label class=\"p2 tbold\">Correo electr\u00f3nico:<br \/>\n<span class=\"wpcf7-form-control-wrap\" data-name=\"your-email\"><input size=\"40\" maxlength=\"400\" class=\"wpcf7-form-control wpcf7-email wpcf7-validates-as-required wpcf7-text wpcf7-validates-as-email\" aria-required=\"true\" aria-invalid=\"false\" value=\"\" type=\"email\" name=\"your-email\" \/><\/span> <\/label>\n<\/p>\n<p><label class=\"p2 tbold\">Mensaje:<br \/>\n<span class=\"wpcf7-form-control-wrap\" data-name=\"your-message\"><textarea cols=\"40\" rows=\"5\" maxlength=\"2000\" class=\"wpcf7-form-control wpcf7-textarea\" aria-invalid=\"false\" name=\"your-message\"><\/textarea><\/span> <\/label>\n<\/p>\n<div class=\"et_pb_module et_pb_toggle et_pb_toggle_0 et_pb_toggle_item et_pb_toggle_close\" style=\"margin-top:20px;\">\n\t<p class=\"et_pb_toggle_title p2 tbold\">Antes de aceptar, leer el consentimiento para el tratamiento de datos personales\n\t<\/p>\n\t<div class=\"et_pb_toggle_content clearfix\" style=\"visibility: visible; color: rgb(108, 108, 108); display: none;\">\n\t\t<p class=\"p2\"><strong>Mas BETURI\u00c0<\/strong> es el responsable del tratamiento de los datos personales del usuario y le informa que estos datos ser\u00e1n tratados de conformidad con lo dispuesto en el Reglamento (UE) 2016\/679 de 27 de abril de 2016 (GDPR) y la Ley org\u00e1nica 3\/2018, de 5 de diciembre (LOPDGDD), por lo que le facilita la siguiente informaci\u00f3n del tratamiento:\n\t\t<\/p>\n\t\t<p class=\"p2\"><strong>Finalidad del tratamiento:<\/strong> por inter\u00e9s leg\u00edtimo del responsable: mantener una relaci\u00f3n comercial. Por consentimiento del interesado: el env\u00edo de comunicaciones sobre nuestros productos y \/ o servicios.\n\t\t<\/p>\n\t\t<p class=\"p2\"><strong>Criterios de conservaci\u00f3n de los datos:<\/strong> se conservar\u00e1n durante no m\u00e1s tiempo del necesario para mantener la finalidad del tratamiento y, cuando ya no sea necesario para este fin, se suprimir\u00e1n con medidas de seguridad adecuadas para garantizar la pseudonimitzaci\u00f3 de los datos o su destrucci\u00f3n total.\n\t\t<\/p>\n\t\t<p class=\"p2\"><strong>Comunicaci\u00f3n de los datos:<\/strong> no se comunicar\u00e1n los datos a terceros, excepto por obligaci\u00f3n legal.\n\t\t<\/p>\n\t\t<p class=\"p2\"><strong>Derechos que asisten al usuario:<\/strong>\n\t\t<\/p>\n\t\t<ul class=\"p2\">\n\t\t\t<li>\n\t\t\t\t<p>Derecho a retirar el consentimiento en cualquier momento.\n\t\t\t\t<\/p>\n\t\t\t<\/li>\n\t\t\t<li>\n\t\t\t\t<p>Derecho de acceso, rectificaci\u00f3n, portabilidad y supresi\u00f3n de sus datos y de la limitaci\u00f3n u oposici\u00f3n a su tratamiento.\n\t\t\t\t<\/p>\n\t\t\t<\/li>\n\t\t\t<li>\n\t\t\t\t<p>Derecho a presentar una reclamaci\u00f3n ante la Autoridad de Control (www.aepd.es), si considera que el tratamiento no se ajusta a la normativa vigente.\n\t\t\t\t<\/p>\n\t\t\t<\/li>\n\t\t<\/ul>\n\t\t<p class=\"p2\"><strong>Datos de contacto para ejercer sus derechos:<\/strong><br \/>\nMas BETURI\u00c0 - Pla\u00e7a de Catalunya, 21 - 43786 Batea (Tarragona).<br \/>\nCorreo electr\u00f3nico: info@masbeturia.com\n\t\t<\/p>\n\t\t<p class=\"p2\">Para continuar debe aceptar que ha le\u00eddo y est\u00e1 conforme con la cl\u00e1usula anterior.\n\t\t<\/p>\n\t<\/div>\n<\/div>\n<p><span class=\"wpcf7-form-control-wrap\" data-name=\"quiz-802\"><label><span class=\"wpcf7-quiz-label\">2 x cinco =<\/span> <input size=\"40\" class=\"wpcf7-form-control wpcf7-quiz\" autocomplete=\"off\" aria-required=\"true\" aria-invalid=\"false\" type=\"text\" name=\"quiz-802\" \/><\/label><input type=\"hidden\" name=\"_wpcf7_quiz_answer_quiz-802\" value=\"17fe936c9469bdc6a7c91b4b7f65308a\" \/><\/span><br \/>\n<span class=\"wpcf7-form-control-wrap recaptcha\" data-name=\"recaptcha\"><span data-sitekey=\"6Lex0eAUAAAAANeP6_21_3laZdtojoHCvp2lAzzW\" class=\"wpcf7-form-control wpcf7-recaptcha g-recaptcha\"><\/span>\r\n<noscript>\r\n\t<div class=\"grecaptcha-noscript\">\r\n\t\t<iframe loading=\"lazy\" src=\"https:\/\/www.google.com\/recaptcha\/api\/fallback?k=6Lex0eAUAAAAANeP6_21_3laZdtojoHCvp2lAzzW\" frameborder=\"0\" scrolling=\"no\" width=\"310\" height=\"430\">\r\n\t\t<\/iframe>\r\n\t\t<textarea name=\"g-recaptcha-response\" rows=\"3\" cols=\"40\" placeholder=\"Aqu\u00ed la respuesta de reCAPTCHA\">\r\n\t\t<\/textarea>\r\n\t<\/div>\r\n<\/noscript>\r\n<\/span>\n<\/p>\n<div class=\"contacte-accepto\">\n\t<p><span class=\"wpcf7-form-control-wrap\" data-name=\"your-consent\"><span class=\"wpcf7-form-control wpcf7-acceptance\"><span class=\"wpcf7-list-item\"><label><input type=\"checkbox\" name=\"your-consent\" value=\"1\" aria-invalid=\"false\" \/><span class=\"wpcf7-list-item-label\">He le\u00eddo y acepto la <a href=\"https:\/\/www.masbeturia.com\/es\/aviso-legal-y-lopd\/\" target=\"_blank\">pol\u00edtica de privacidad<\/a><\/span><\/label><\/span><\/span><\/span>\n\t<\/p>\n<\/div>\n<div class=\"contacte-submit\">\n\t<p><input class=\"wpcf7-form-control wpcf7-submit has-spinner et_pb_button\" type=\"submit\" value=\"Enviar\" \/>\n\t<\/p>\n<\/div><div class=\"wpcf7-response-output\" aria-hidden=\"true\"><\/div>\n<\/form>\n<\/div>\n[\/et_pb_code][\/et_pb_column][et_pb_column type=\u00bb1_2&#8243; _builder_version=\u00bb4.4.1&#8243;][et_pb_text _builder_version=\u00bb4.4.1&#8243;]<\/p>\n<h2>Datos de contacto<\/h2>\n<p>Mas Beturi\u00e0<\/p>\n<p>Pla\u00e7a de Catalunya, 21<\/p>\n<p>43786 Batea (Tarragona)<\/p>\n<p>Tel. 649 054 824<\/p>\n<p>info@masbeturia.com<\/p>\n<p>Horario: de 9.00 a 19.00 h<\/p>\n<p>[\/et_pb_text][\/et_pb_column][\/et_pb_row][\/et_pb_section]<\/p>\n","protected":false},"excerpt":{"rendered":"<p>ContactoContacta con nosotros Si desea ponerse en contacto con nosotros, hacernos sugerencias o resolver cualquier duda, puede hacerlo mediante el tel\u00e9fono 649 054 824, enviando un correo electr\u00f3nico a info@masbeturia.com o rellenando el formulario de contacto siguiente:\n<div class=\"wpcf7 no-js\" id=\"wpcf7-f969-o2\" lang=\"es-ES\" dir=\"ltr\" data-wpcf7-id=\"969\">\n<div class=\"screen-reader-response\"><p role=\"status\" aria-live=\"polite\" aria-atomic=\"true\"><\/p> <ul><\/ul><\/div>\n<form action=\"\/es\/wp-json\/wp\/v2\/pages\/976#wpcf7-f969-o2\" method=\"post\" class=\"wpcf7-form init wpcf7-acceptance-as-validation\" aria-label=\"Formulario de contacto\" novalidate=\"novalidate\" data-status=\"init\">\n<fieldset class=\"hidden-fields-container\"><input type=\"hidden\" name=\"_wpcf7\" value=\"969\" \/><input type=\"hidden\" name=\"_wpcf7_version\" value=\"6.1.5\" \/><input type=\"hidden\" name=\"_wpcf7_locale\" value=\"es_ES\" \/><input type=\"hidden\" name=\"_wpcf7_unit_tag\" value=\"wpcf7-f969-o2\" \/><input type=\"hidden\" name=\"_wpcf7_container_post\" value=\"0\" \/><input type=\"hidden\" name=\"_wpcf7_posted_data_hash\" value=\"\" \/><input type=\"hidden\" name=\"_wpcf7_recaptcha_response\" value=\"\" \/>\n<\/fieldset>\n<p><label class=\"p2 tbold\">Nombre:<br \/>\n<span class=\"wpcf7-form-control-wrap\" data-name=\"your-name\"><input size=\"40\" maxlength=\"400\" class=\"wpcf7-form-control wpcf7-text wpcf7-validates-as-required\" aria-required=\"true\" aria-invalid=\"false\" value=\"\" type=\"text\" name=\"your-name\" \/><\/span> <\/label>\n<\/p>\n<p><label class=\"p2 tbold\">Tel\u00e9fono:<br \/>\n<span class=\"wpcf7-form-control-wrap\" data-name=\"your-phone\"><input size=\"40\" maxlength=\"400\" class=\"wpcf7-form-control wpcf7-tel wpcf7-validates-as-required wpcf7-text wpcf7-validates-as-tel\" aria-required=\"true\" aria-invalid=\"false\" value=\"\" type=\"tel\" name=\"your-phone\" \/><\/span> <\/label>\n<\/p>\n<p><label class=\"p2 tbold\">Correo electr\u00f3nico:<br \/>\n<span class=\"wpcf7-form-control-wrap\" data-name=\"your-email\"><input size=\"40\" maxlength=\"400\" class=\"wpcf7-form-control wpcf7-email wpcf7-validates-as-required wpcf7-text wpcf7-validates-as-email\" aria-required=\"true\" aria-invalid=\"false\" value=\"\" type=\"email\" name=\"your-email\" \/><\/span> <\/label>\n<\/p>\n<p><label class=\"p2 tbold\">Mensaje:<br \/>\n<span class=\"wpcf7-form-control-wrap\" data-name=\"your-message\"><textarea cols=\"40\" rows=\"5\" maxlength=\"2000\" class=\"wpcf7-form-control wpcf7-textarea\" aria-invalid=\"false\" name=\"your-message\"><\/textarea><\/span> <\/label>\n<\/p>\n<div class=\"et_pb_module et_pb_toggle et_pb_toggle_0 et_pb_toggle_item et_pb_toggle_close\" style=\"margin-top:20px;\">\n\t<p class=\"et_pb_toggle_title p2 tbold\">Antes de aceptar, leer el consentimiento para el tratamiento de datos personales\n\t<\/p>\n\t<div class=\"et_pb_toggle_content clearfix\" style=\"visibility: visible; color: rgb(108, 108, 108); display: none;\">\n\t\t<p class=\"p2\"><strong>Mas BETURI\u00c0<\/strong> es el responsable del tratamiento de los datos personales del usuario y le informa que estos datos ser\u00e1n tratados de conformidad con lo dispuesto en el Reglamento (UE) 2016\/679 de 27 de abril de 2016 (GDPR) y la Ley org\u00e1nica 3\/2018, de 5 de diciembre (LOPDGDD), por lo que le facilita la siguiente informaci\u00f3n del tratamiento:\n\t\t<\/p>\n\t\t<p class=\"p2\"><strong>Finalidad del tratamiento:<\/strong> por inter\u00e9s leg\u00edtimo del responsable: mantener una relaci\u00f3n comercial. Por consentimiento del interesado: el env\u00edo de comunicaciones sobre nuestros productos y \/ o servicios.\n\t\t<\/p>\n\t\t<p class=\"p2\"><strong>Criterios de conservaci\u00f3n de los datos:<\/strong> se conservar\u00e1n durante no m\u00e1s tiempo del necesario para mantener la finalidad del tratamiento y, cuando ya no sea necesario para este fin, se suprimir\u00e1n con medidas de seguridad adecuadas para garantizar la pseudonimitzaci\u00f3 de los datos o su destrucci\u00f3n total.\n\t\t<\/p>\n\t\t<p class=\"p2\"><strong>Comunicaci\u00f3n de los datos:<\/strong> no se comunicar\u00e1n los datos a terceros, excepto por obligaci\u00f3n legal.\n\t\t<\/p>\n\t\t<p class=\"p2\"><strong>Derechos que asisten al usuario:<\/strong>\n\t\t<\/p>\n\t\t<ul class=\"p2\">\n\t\t\t<li>\n\t\t\t\t<p>Derecho a retirar el consentimiento en cualquier momento.\n\t\t\t\t<\/p>\n\t\t\t<\/li>\n\t\t\t<li>\n\t\t\t\t<p>Derecho de acceso, rectificaci\u00f3n, portabilidad y supresi\u00f3n de sus datos y de la limitaci\u00f3n u oposici\u00f3n a su tratamiento.\n\t\t\t\t<\/p>\n\t\t\t<\/li>\n\t\t\t<li>\n\t\t\t\t<p>Derecho a presentar una reclamaci\u00f3n ante la Autoridad de Control (www.aepd.es), si considera que el tratamiento no se ajusta a la normativa vigente.\n\t\t\t\t<\/p>\n\t\t\t<\/li>\n\t\t<\/ul>\n\t\t<p class=\"p2\"><strong>Datos de contacto para ejercer sus derechos:<\/strong><br \/>\nMas BETURI\u00c0 - Pla\u00e7a de Catalunya, 21 - 43786 Batea (Tarragona).<br \/>\nCorreo electr\u00f3nico: info@masbeturia.com\n\t\t<\/p>\n\t\t<p class=\"p2\">Para continuar debe aceptar que ha le\u00eddo y est\u00e1 conforme con la cl\u00e1usula anterior.\n\t\t<\/p>\n\t<\/div>\n<\/div>\n<p><span class=\"wpcf7-form-control-wrap\" data-name=\"quiz-802\"><label><span class=\"wpcf7-quiz-label\">uno + 2 =<\/span> <input size=\"40\" class=\"wpcf7-form-control wpcf7-quiz\" autocomplete=\"off\" aria-required=\"true\" aria-invalid=\"false\" type=\"text\" name=\"quiz-802\" \/><\/label><input type=\"hidden\" name=\"_wpcf7_quiz_answer_quiz-802\" value=\"2aca00b3a81c8b7221525f6ea8f3532e\" \/><\/span><br \/>\n<span class=\"wpcf7-form-control-wrap recaptcha\" data-name=\"recaptcha\"><span data-sitekey=\"6Lex0eAUAAAAANeP6_21_3laZdtojoHCvp2lAzzW\" class=\"wpcf7-form-control wpcf7-recaptcha g-recaptcha\"><\/span>\r\n<noscript>\r\n\t<div class=\"grecaptcha-noscript\">\r\n\t\t<iframe loading=\"lazy\" src=\"https:\/\/www.google.com\/recaptcha\/api\/fallback?k=6Lex0eAUAAAAANeP6_21_3laZdtojoHCvp2lAzzW\" frameborder=\"0\" scrolling=\"no\" width=\"310\" height=\"430\">\r\n\t\t<\/iframe>\r\n\t\t<textarea name=\"g-recaptcha-response\" rows=\"3\" cols=\"40\" placeholder=\"Aqu\u00ed la respuesta de reCAPTCHA\">\r\n\t\t<\/textarea>\r\n\t<\/div>\r\n<\/noscript>\r\n<\/span>\n<\/p>\n<div class=\"contacte-accepto\">\n\t<p><span class=\"wpcf7-form-control-wrap\" data-name=\"your-consent\"><span class=\"wpcf7-form-control wpcf7-acceptance\"><span class=\"wpcf7-list-item\"><label><input type=\"checkbox\" name=\"your-consent\" value=\"1\" aria-invalid=\"false\" \/><span class=\"wpcf7-list-item-label\">He le\u00eddo y acepto la <a href=\"https:\/\/www.masbeturia.com\/es\/aviso-legal-y-lopd\/\" target=\"_blank\">pol\u00edtica de privacidad<\/a><\/span><\/label><\/span><\/span><\/span>\n\t<\/p>\n<\/div>\n<div class=\"contacte-submit\">\n\t<p><input class=\"wpcf7-form-control wpcf7-submit has-spinner et_pb_button\" type=\"submit\" value=\"Enviar\" \/>\n\t<\/p>\n<\/div><div class=\"wpcf7-response-output\" aria-hidden=\"true\"><\/div>\n<\/form>\n<\/div>\nDatos de contacto Mas Beturi\u00e0 Pla\u00e7a de Catalunya, 21 43786 Batea (Tarragona) Tel. 649 054 [&hellip;]<\/p>\n","protected":false},"author":1,"featured_media":0,"parent":0,"menu_order":0,"comment_status":"closed","ping_status":"closed","template":"","meta":{"_et_pb_use_builder":"on","_et_pb_old_content":"","_et_gb_content_width":"","footnotes":""},"class_list":["post-976","page","type-page","status-publish","hentry"],"yoast_head":"<!-- This site is optimized with the Yoast SEO plugin v27.4 - https:\/\/yoast.com\/product\/yoast-seo-wordpress\/ -->\n<title>Contacto - Mas Beturi\u00e0<\/title>\n<meta name=\"robots\" content=\"index, follow, max-snippet:-1, max-image-preview:large, max-video-preview:-1\" \/>\n<link rel=\"canonical\" href=\"https:\/\/www.masbeturia.com\/contacte\/\" \/>\n<meta property=\"og:locale\" content=\"es_ES\" \/>\n<meta property=\"og:type\" content=\"article\" \/>\n<meta property=\"og:title\" content=\"Contacto - Mas Beturi\u00e0\" \/>\n<meta property=\"og:description\" content=\"ContactoContacta con nosotros Si desea ponerse en contacto con nosotros, hacernos sugerencias o resolver cualquier duda, puede hacerlo mediante el tel\u00e9fono 649 054 824, enviando un correo electr\u00f3nico a info@masbeturia.com o rellenando el formulario de contacto siguiente:Datos de contacto Mas Beturi\u00e0 Pla\u00e7a de Catalunya, 21 43786 Batea (Tarragona) Tel. 649 054 [&hellip;]\" \/>\n<meta property=\"og:url\" content=\"https:\/\/www.masbeturia.com\/contacte\/\" \/>\n<meta property=\"og:site_name\" content=\"Mas Beturi\u00e0\" \/>\n<meta property=\"article:modified_time\" content=\"2020-03-23T10:52:44+00:00\" \/>\n<meta name=\"twitter:card\" content=\"summary_large_image\" \/>\n<meta name=\"twitter:label1\" content=\"Tiempo de lectura\" \/>\n\t<meta name=\"twitter:data1\" content=\"1 minuto\" \/>\n<script type=\"application\/ld+json\" class=\"yoast-schema-graph\">{\"@context\":\"https:\\\/\\\/schema.org\",\"@graph\":[{\"@type\":\"WebPage\",\"@id\":\"https:\\\/\\\/www.masbeturia.com\\\/contacte\\\/\",\"url\":\"https:\\\/\\\/www.masbeturia.com\\\/contacte\\\/\",\"name\":\"Contacto - Mas Beturi\u00e0\",\"isPartOf\":{\"@id\":\"https:\\\/\\\/www.masbeturia.com\\\/#website\"},\"datePublished\":\"2020-03-23T10:51:39+00:00\",\"dateModified\":\"2020-03-23T10:52:44+00:00\",\"breadcrumb\":{\"@id\":\"https:\\\/\\\/www.masbeturia.com\\\/contacte\\\/#breadcrumb\"},\"inLanguage\":\"es\",\"potentialAction\":[{\"@type\":\"ReadAction\",\"target\":[\"https:\\\/\\\/www.masbeturia.com\\\/contacte\\\/\"]}]},{\"@type\":\"BreadcrumbList\",\"@id\":\"https:\\\/\\\/www.masbeturia.com\\\/contacte\\\/#breadcrumb\",\"itemListElement\":[{\"@type\":\"ListItem\",\"position\":1,\"name\":\"Portada\",\"item\":\"https:\\\/\\\/www.masbeturia.com\\\/es\\\/\"},{\"@type\":\"ListItem\",\"position\":2,\"name\":\"Contacto\"}]},{\"@type\":\"WebSite\",\"@id\":\"https:\\\/\\\/www.masbeturia.com\\\/#website\",\"url\":\"https:\\\/\\\/www.masbeturia.com\\\/\",\"name\":\"Mas Beturi\u00e0\",\"description\":\"\",\"potentialAction\":[{\"@type\":\"SearchAction\",\"target\":{\"@type\":\"EntryPoint\",\"urlTemplate\":\"https:\\\/\\\/www.masbeturia.com\\\/?s={search_term_string}\"},\"query-input\":{\"@type\":\"PropertyValueSpecification\",\"valueRequired\":true,\"valueName\":\"search_term_string\"}}],\"inLanguage\":\"es\"}]}<\/script>\n<!-- \/ Yoast SEO plugin. -->","yoast_head_json":{"title":"Contacto - Mas Beturi\u00e0","robots":{"index":"index","follow":"follow","max-snippet":"max-snippet:-1","max-image-preview":"max-image-preview:large","max-video-preview":"max-video-preview:-1"},"canonical":"https:\/\/www.masbeturia.com\/contacte\/","og_locale":"es_ES","og_type":"article","og_title":"Contacto - Mas Beturi\u00e0","og_description":"ContactoContacta con nosotros Si desea ponerse en contacto con nosotros, hacernos sugerencias o resolver cualquier duda, puede hacerlo mediante el tel\u00e9fono 649 054 824, enviando un correo electr\u00f3nico a info@masbeturia.com o rellenando el formulario de contacto siguiente:Datos de contacto Mas Beturi\u00e0 Pla\u00e7a de Catalunya, 21 43786 Batea (Tarragona) Tel. 649 054 [&hellip;]","og_url":"https:\/\/www.masbeturia.com\/contacte\/","og_site_name":"Mas Beturi\u00e0","article_modified_time":"2020-03-23T10:52:44+00:00","twitter_card":"summary_large_image","twitter_misc":{"Tiempo de lectura":"1 minuto"},"schema":{"@context":"https:\/\/schema.org","@graph":[{"@type":"WebPage","@id":"https:\/\/www.masbeturia.com\/contacte\/","url":"https:\/\/www.masbeturia.com\/contacte\/","name":"Contacto - Mas Beturi\u00e0","isPartOf":{"@id":"https:\/\/www.masbeturia.com\/#website"},"datePublished":"2020-03-23T10:51:39+00:00","dateModified":"2020-03-23T10:52:44+00:00","breadcrumb":{"@id":"https:\/\/www.masbeturia.com\/contacte\/#breadcrumb"},"inLanguage":"es","potentialAction":[{"@type":"ReadAction","target":["https:\/\/www.masbeturia.com\/contacte\/"]}]},{"@type":"BreadcrumbList","@id":"https:\/\/www.masbeturia.com\/contacte\/#breadcrumb","itemListElement":[{"@type":"ListItem","position":1,"name":"Portada","item":"https:\/\/www.masbeturia.com\/es\/"},{"@type":"ListItem","position":2,"name":"Contacto"}]},{"@type":"WebSite","@id":"https:\/\/www.masbeturia.com\/#website","url":"https:\/\/www.masbeturia.com\/","name":"Mas Beturi\u00e0","description":"","potentialAction":[{"@type":"SearchAction","target":{"@type":"EntryPoint","urlTemplate":"https:\/\/www.masbeturia.com\/?s={search_term_string}"},"query-input":{"@type":"PropertyValueSpecification","valueRequired":true,"valueName":"search_term_string"}}],"inLanguage":"es"}]}},"_links":{"self":[{"href":"https:\/\/www.masbeturia.com\/es\/wp-json\/wp\/v2\/pages\/976","targetHints":{"allow":["GET"]}}],"collection":[{"href":"https:\/\/www.masbeturia.com\/es\/wp-json\/wp\/v2\/pages"}],"about":[{"href":"https:\/\/www.masbeturia.com\/es\/wp-json\/wp\/v2\/types\/page"}],"author":[{"embeddable":true,"href":"https:\/\/www.masbeturia.com\/es\/wp-json\/wp\/v2\/users\/1"}],"replies":[{"embeddable":true,"href":"https:\/\/www.masbeturia.com\/es\/wp-json\/wp\/v2\/comments?post=976"}],"version-history":[{"count":1,"href":"https:\/\/www.masbeturia.com\/es\/wp-json\/wp\/v2\/pages\/976\/revisions"}],"predecessor-version":[{"id":977,"href":"https:\/\/www.masbeturia.com\/es\/wp-json\/wp\/v2\/pages\/976\/revisions\/977"}],"wp:attachment":[{"href":"https:\/\/www.masbeturia.com\/es\/wp-json\/wp\/v2\/media?parent=976"}],"curies":[{"name":"wp","href":"https:\/\/api.w.org\/{rel}","templated":true}]}}