{"id":925,"date":"2020-03-13T09:05:06","date_gmt":"2020-03-13T09:05:06","guid":{"rendered":"https:\/\/www.masbeturia.com\/producto\/aceite-de-oliva-virgen-extra-arbequina-sin-filtrar-mas-beturia-5-l\/"},"modified":"2023-10-30T15:06:08","modified_gmt":"2023-10-30T15:06:08","slug":"aceite-de-oliva-virgen-extra-arbequina-sin-filtrar-mas-beturia-5-l","status":"publish","type":"product","link":"https:\/\/www.masbeturia.com\/es\/producto\/aceite-de-oliva-virgen-extra-arbequina-sin-filtrar-mas-beturia-5-l\/","title":{"rendered":"Aceite de oliva virgen extra arbequina sin filtrar Mas Beturi\u00e0 5 l"},"content":{"rendered":"","protected":false},"excerpt":{"rendered":"<style>\n    bdi{\n       display:block!important;\n    }\n<\/style>\n<p>Aqu\u00ed puedes comprar aceite de oliva virgen extra arbequina <strong>sin filtrar<\/strong> Mas Beturi\u00e0 5 l, la forma m\u00e1s natural de degustar nuestro aceite de oliva virgen extra de <strong>cosecha propia<\/strong> con un <strong>aceite en rama<\/strong>.<\/p>\n<p>El aceite sin filtrar tiene un color menos transl\u00facido debido a las part\u00edculas y restos de aceituna que se encuentran en suspensi\u00f3n, y que son visibles en la parte inferior del envase al cabo de un tiempo. Los enamorados del aceite prefieren este <strong>aceite sin filtrar<\/strong> por su sabor y textura.<\/p>\n<p>Este es un <strong>AOVE<\/strong> de categor\u00eda superior obtenido directamente de aceitunas <strong>arbequinas<\/strong> s\u00f3lo mediante procedimientos mec\u00e1nicos para conservar todas sus propiedades naturales (polifenoles) y caracter\u00edsticas organol\u00e9pticas.<\/p>\n<p>El aceite de oliva virgen extra arbequina Mas Beturi\u00e0 es un aceite monovarietal equilibrado y elegante, ideal para maridar con ensaladas, carnes, pan con tomate o dulces (chocolate).<\/p>\n<p class=\"tbold\">Nota de cata<\/p>\n<p class=\"p2 tbold\"><span class=\"color-principal\">Aroma:<\/span> frutado oliva alto con sensaciones a hierba-hoja y verduras frescas.<\/p>\n<p class=\"p2 tbold\"><span class=\"color-principal\">Sabor:<\/span> verduras como tomate o alcachofa. Tambi\u00e9n nuez verde e hinojo, con conservantes naturales (polifenoles) expresados en amargo y picante.<\/p>\n<p><strong>Formato<\/strong>: garrafa PET de 5 litros.<\/p>\n","protected":false},"featured_media":704,"template":"","meta":{"_et_pb_use_builder":"on","_et_pb_old_content":"","_et_gb_content_width":""},"product_cat":[48],"product_tag":[],"class_list":{"0":"post-925","1":"product","2":"type-product","3":"status-publish","4":"has-post-thumbnail","6":"product_cat-aceites-oliva-sin-filtrar","8":"first","9":"instock","10":"shipping-taxable","11":"purchasable","12":"product-type-variable"},"yoast_head":"<!-- This site is optimized with the Yoast SEO plugin v23.9 - https:\/\/yoast.com\/wordpress\/plugins\/seo\/ -->\n<title>Aceite de oliva virgen extra arbequina sin filtrar Mas Beturi\u00e0 5 l - Mas Beturi\u00e0<\/title>\n<meta name=\"robots\" content=\"index, follow, max-snippet:-1, max-image-preview:large, max-video-preview:-1\" \/>\n<link rel=\"canonical\" href=\"https:\/\/www.masbeturia.com\/producte\/oli-doliva-verge-extra-arbequina-sense-filtrar-mas-beturia-5-l\/\" \/>\n<meta property=\"og:locale\" content=\"es_ES\" \/>\n<meta property=\"og:type\" content=\"article\" \/>\n<meta property=\"og:title\" content=\"Aceite de oliva virgen extra arbequina sin filtrar Mas Beturi\u00e0 5 l - Mas Beturi\u00e0\" \/>\n<meta property=\"og:description\" content=\"Aqu\u00ed puedes comprar aceite de oliva virgen extra arbequina sin filtrar Mas Beturi\u00e0 5 l, la forma m\u00e1s natural de degustar nuestro aceite de oliva virgen extra de cosecha propia con un aceite en rama. El aceite sin filtrar tiene un color menos transl\u00facido debido a las part\u00edculas y restos de aceituna que se encuentran en suspensi\u00f3n, y que son visibles en la parte inferior del envase al cabo de un tiempo. Los enamorados del aceite prefieren este aceite sin filtrar por su sabor y textura. Este es un AOVE de categor\u00eda superior obtenido directamente de aceitunas arbequinas s\u00f3lo mediante procedimientos mec\u00e1nicos para conservar todas sus propiedades naturales (polifenoles) y caracter\u00edsticas organol\u00e9pticas. El aceite de oliva virgen extra arbequina Mas Beturi\u00e0 es un aceite monovarietal equilibrado y elegante, ideal para maridar con ensaladas, carnes, pan con tomate o dulces (chocolate). Nota de cata Aroma: frutado oliva alto con sensaciones a hierba-hoja y verduras frescas. Sabor: verduras como tomate o alcachofa. Tambi\u00e9n nuez verde e hinojo, con conservantes naturales (polifenoles) expresados en amargo y picante. Formato: garrafa PET de 5 litros.\" \/>\n<meta property=\"og:url\" content=\"https:\/\/www.masbeturia.com\/producte\/oli-doliva-verge-extra-arbequina-sense-filtrar-mas-beturia-5-l\/\" \/>\n<meta property=\"og:site_name\" content=\"Mas Beturi\u00e0\" \/>\n<meta property=\"article:modified_time\" content=\"2023-10-30T15:06:08+00:00\" \/>\n<meta property=\"og:image\" content=\"https:\/\/www.masbeturia.com\/wp-content\/uploads\/2020\/03\/12.png\" \/>\n\t<meta property=\"og:image:width\" content=\"800\" \/>\n\t<meta property=\"og:image:height\" content=\"800\" \/>\n\t<meta property=\"og:image:type\" content=\"image\/png\" \/>\n<meta name=\"twitter:card\" content=\"summary_large_image\" \/>\n<script type=\"application\/ld+json\" class=\"yoast-schema-graph\">{\"@context\":\"https:\/\/schema.org\",\"@graph\":[{\"@type\":\"WebPage\",\"@id\":\"https:\/\/www.masbeturia.com\/producte\/oli-doliva-verge-extra-arbequina-sense-filtrar-mas-beturia-5-l\/\",\"url\":\"https:\/\/www.masbeturia.com\/producte\/oli-doliva-verge-extra-arbequina-sense-filtrar-mas-beturia-5-l\/\",\"name\":\"Aceite de oliva virgen extra arbequina sin filtrar Mas Beturi\u00e0 5 l - Mas Beturi\u00e0\",\"isPartOf\":{\"@id\":\"https:\/\/www.masbeturia.com\/#website\"},\"primaryImageOfPage\":{\"@id\":\"https:\/\/www.masbeturia.com\/producte\/oli-doliva-verge-extra-arbequina-sense-filtrar-mas-beturia-5-l\/#primaryimage\"},\"image\":{\"@id\":\"https:\/\/www.masbeturia.com\/producte\/oli-doliva-verge-extra-arbequina-sense-filtrar-mas-beturia-5-l\/#primaryimage\"},\"thumbnailUrl\":\"https:\/\/www.masbeturia.com\/wp-content\/uploads\/2020\/03\/12.png\",\"datePublished\":\"2020-03-13T09:05:06+00:00\",\"dateModified\":\"2023-10-30T15:06:08+00:00\",\"breadcrumb\":{\"@id\":\"https:\/\/www.masbeturia.com\/producte\/oli-doliva-verge-extra-arbequina-sense-filtrar-mas-beturia-5-l\/#breadcrumb\"},\"inLanguage\":\"es\",\"potentialAction\":[{\"@type\":\"ReadAction\",\"target\":[\"https:\/\/www.masbeturia.com\/producte\/oli-doliva-verge-extra-arbequina-sense-filtrar-mas-beturia-5-l\/\"]}]},{\"@type\":\"ImageObject\",\"inLanguage\":\"es\",\"@id\":\"https:\/\/www.masbeturia.com\/producte\/oli-doliva-verge-extra-arbequina-sense-filtrar-mas-beturia-5-l\/#primaryimage\",\"url\":\"https:\/\/www.masbeturia.com\/wp-content\/uploads\/2020\/03\/12.png\",\"contentUrl\":\"https:\/\/www.masbeturia.com\/wp-content\/uploads\/2020\/03\/12.png\",\"width\":800,\"height\":800},{\"@type\":\"BreadcrumbList\",\"@id\":\"https:\/\/www.masbeturia.com\/producte\/oli-doliva-verge-extra-arbequina-sense-filtrar-mas-beturia-5-l\/#breadcrumb\",\"itemListElement\":[{\"@type\":\"ListItem\",\"position\":1,\"name\":\"Portada\",\"item\":\"https:\/\/www.masbeturia.com\/es\/\"},{\"@type\":\"ListItem\",\"position\":2,\"name\":\"Tienda\",\"item\":\"https:\/\/www.masbeturia.com\/botiga\/\"},{\"@type\":\"ListItem\",\"position\":3,\"name\":\"Aceite de oliva virgen extra arbequina sin filtrar Mas Beturi\u00e0 5 l\"}]},{\"@type\":\"WebSite\",\"@id\":\"https:\/\/www.masbeturia.com\/#website\",\"url\":\"https:\/\/www.masbeturia.com\/\",\"name\":\"Mas Beturi\u00e0\",\"description\":\"\",\"potentialAction\":[{\"@type\":\"SearchAction\",\"target\":{\"@type\":\"EntryPoint\",\"urlTemplate\":\"https:\/\/www.masbeturia.com\/?s={search_term_string}\"},\"query-input\":{\"@type\":\"PropertyValueSpecification\",\"valueRequired\":true,\"valueName\":\"search_term_string\"}}],\"inLanguage\":\"es\"}]}<\/script>\n<!-- \/ Yoast SEO plugin. -->","yoast_head_json":{"title":"Aceite de oliva virgen extra arbequina sin filtrar Mas Beturi\u00e0 5 l - Mas Beturi\u00e0","robots":{"index":"index","follow":"follow","max-snippet":"max-snippet:-1","max-image-preview":"max-image-preview:large","max-video-preview":"max-video-preview:-1"},"canonical":"https:\/\/www.masbeturia.com\/producte\/oli-doliva-verge-extra-arbequina-sense-filtrar-mas-beturia-5-l\/","og_locale":"es_ES","og_type":"article","og_title":"Aceite de oliva virgen extra arbequina sin filtrar Mas Beturi\u00e0 5 l - Mas Beturi\u00e0","og_description":"Aqu\u00ed puedes comprar aceite de oliva virgen extra arbequina sin filtrar Mas Beturi\u00e0 5 l, la forma m\u00e1s natural de degustar nuestro aceite de oliva virgen extra de cosecha propia con un aceite en rama. El aceite sin filtrar tiene un color menos transl\u00facido debido a las part\u00edculas y restos de aceituna que se encuentran en suspensi\u00f3n, y que son visibles en la parte inferior del envase al cabo de un tiempo. Los enamorados del aceite prefieren este aceite sin filtrar por su sabor y textura. Este es un AOVE de categor\u00eda superior obtenido directamente de aceitunas arbequinas s\u00f3lo mediante procedimientos mec\u00e1nicos para conservar todas sus propiedades naturales (polifenoles) y caracter\u00edsticas organol\u00e9pticas. El aceite de oliva virgen extra arbequina Mas Beturi\u00e0 es un aceite monovarietal equilibrado y elegante, ideal para maridar con ensaladas, carnes, pan con tomate o dulces (chocolate). Nota de cata Aroma: frutado oliva alto con sensaciones a hierba-hoja y verduras frescas. Sabor: verduras como tomate o alcachofa. Tambi\u00e9n nuez verde e hinojo, con conservantes naturales (polifenoles) expresados en amargo y picante. Formato: garrafa PET de 5 litros.","og_url":"https:\/\/www.masbeturia.com\/producte\/oli-doliva-verge-extra-arbequina-sense-filtrar-mas-beturia-5-l\/","og_site_name":"Mas Beturi\u00e0","article_modified_time":"2023-10-30T15:06:08+00:00","og_image":[{"width":800,"height":800,"url":"https:\/\/www.masbeturia.com\/wp-content\/uploads\/2020\/03\/12.png","type":"image\/png"}],"twitter_card":"summary_large_image","schema":{"@context":"https:\/\/schema.org","@graph":[{"@type":"WebPage","@id":"https:\/\/www.masbeturia.com\/producte\/oli-doliva-verge-extra-arbequina-sense-filtrar-mas-beturia-5-l\/","url":"https:\/\/www.masbeturia.com\/producte\/oli-doliva-verge-extra-arbequina-sense-filtrar-mas-beturia-5-l\/","name":"Aceite de oliva virgen extra arbequina sin filtrar Mas Beturi\u00e0 5 l - Mas Beturi\u00e0","isPartOf":{"@id":"https:\/\/www.masbeturia.com\/#website"},"primaryImageOfPage":{"@id":"https:\/\/www.masbeturia.com\/producte\/oli-doliva-verge-extra-arbequina-sense-filtrar-mas-beturia-5-l\/#primaryimage"},"image":{"@id":"https:\/\/www.masbeturia.com\/producte\/oli-doliva-verge-extra-arbequina-sense-filtrar-mas-beturia-5-l\/#primaryimage"},"thumbnailUrl":"https:\/\/www.masbeturia.com\/wp-content\/uploads\/2020\/03\/12.png","datePublished":"2020-03-13T09:05:06+00:00","dateModified":"2023-10-30T15:06:08+00:00","breadcrumb":{"@id":"https:\/\/www.masbeturia.com\/producte\/oli-doliva-verge-extra-arbequina-sense-filtrar-mas-beturia-5-l\/#breadcrumb"},"inLanguage":"es","potentialAction":[{"@type":"ReadAction","target":["https:\/\/www.masbeturia.com\/producte\/oli-doliva-verge-extra-arbequina-sense-filtrar-mas-beturia-5-l\/"]}]},{"@type":"ImageObject","inLanguage":"es","@id":"https:\/\/www.masbeturia.com\/producte\/oli-doliva-verge-extra-arbequina-sense-filtrar-mas-beturia-5-l\/#primaryimage","url":"https:\/\/www.masbeturia.com\/wp-content\/uploads\/2020\/03\/12.png","contentUrl":"https:\/\/www.masbeturia.com\/wp-content\/uploads\/2020\/03\/12.png","width":800,"height":800},{"@type":"BreadcrumbList","@id":"https:\/\/www.masbeturia.com\/producte\/oli-doliva-verge-extra-arbequina-sense-filtrar-mas-beturia-5-l\/#breadcrumb","itemListElement":[{"@type":"ListItem","position":1,"name":"Portada","item":"https:\/\/www.masbeturia.com\/es\/"},{"@type":"ListItem","position":2,"name":"Tienda","item":"https:\/\/www.masbeturia.com\/botiga\/"},{"@type":"ListItem","position":3,"name":"Aceite de oliva virgen extra arbequina sin filtrar Mas Beturi\u00e0 5 l"}]},{"@type":"WebSite","@id":"https:\/\/www.masbeturia.com\/#website","url":"https:\/\/www.masbeturia.com\/","name":"Mas Beturi\u00e0","description":"","potentialAction":[{"@type":"SearchAction","target":{"@type":"EntryPoint","urlTemplate":"https:\/\/www.masbeturia.com\/?s={search_term_string}"},"query-input":{"@type":"PropertyValueSpecification","valueRequired":true,"valueName":"search_term_string"}}],"inLanguage":"es"}]}},"_links":{"self":[{"href":"https:\/\/www.masbeturia.com\/es\/wp-json\/wp\/v2\/product\/925","targetHints":{"allow":["GET"]}}],"collection":[{"href":"https:\/\/www.masbeturia.com\/es\/wp-json\/wp\/v2\/product"}],"about":[{"href":"https:\/\/www.masbeturia.com\/es\/wp-json\/wp\/v2\/types\/product"}],"wp:featuredmedia":[{"embeddable":true,"href":"https:\/\/www.masbeturia.com\/es\/wp-json\/wp\/v2\/media\/704"}],"wp:attachment":[{"href":"https:\/\/www.masbeturia.com\/es\/wp-json\/wp\/v2\/media?parent=925"}],"wp:term":[{"taxonomy":"product_cat","embeddable":true,"href":"https:\/\/www.masbeturia.com\/es\/wp-json\/wp\/v2\/product_cat?post=925"},{"taxonomy":"product_tag","embeddable":true,"href":"https:\/\/www.masbeturia.com\/es\/wp-json\/wp\/v2\/product_tag?post=925"}],"curies":[{"name":"wp","href":"https:\/\/api.w.org\/{rel}","templated":true}]}}