{"id":927,"date":"2020-03-16T07:18:28","date_gmt":"2020-03-16T07:18:28","guid":{"rendered":"https:\/\/www.masbeturia.com\/producto\/aceite-de-oliva-virgen-extra-empeltre-mas-beturia-2-l\/"},"modified":"2023-11-07T11:24:49","modified_gmt":"2023-11-07T11:24:49","slug":"aceite-de-oliva-virgen-extra-empeltre-mas-beturia-2-l","status":"publish","type":"product","link":"https:\/\/www.masbeturia.com\/es\/producto\/aceite-de-oliva-virgen-extra-empeltre-mas-beturia-2-l\/","title":{"rendered":"Aceite de oliva virgen extra empeltre Mas Beturi\u00e0 2 l"},"content":{"rendered":"","protected":false},"excerpt":{"rendered":"<p>Aqu\u00ed puedes comprar aceite de oliva virgen extra empeltre Mas Beturi\u00e0 2 l de <strong>cosecha propia<\/strong> en un pr\u00e1ctico formato para todo tipo de cocinas.<\/p>\n<p>Este es un <strong>AOVE<\/strong> de categor\u00eda superior obtenido directamente de aceitunas <strong>empeltre<\/strong> s\u00f3lo mediante procedimientos mec\u00e1nicos para conservar todas sus propiedades naturales (polifenoles) y caracter\u00edsticas organol\u00e9pticas.<\/p>\n<p>El aceite de oliva virgen extra empeltre Mas Beturi\u00e0 es un aceite monovarietal complejo y equilibrado, de color dorado pajizo, ideal para maridar con carnes, pescado, verduras y reposter\u00eda.<\/p>\n<p class=\"tbold\">Nota de cata<\/p>\n<p class=\"p2 tbold\"><span class=\"color-principal\">Aroma:<\/span> frutado oliva floral que recuerda a hinojo, con matices herb\u00e1ceos y verduras frescas.<\/p>\n<p class=\"p2 tbold\"><span class=\"color-principal\">Sabor:<\/span> frutas verdes y maduras, tambi\u00e9n frutos secos, nuez y almendra. Picante y amargo que delatan los polifenoles (conservantes naturales).<\/p>\n<p><strong>Formato<\/strong>: garrafa PET de 2 litros.<\/p>\n<div><b><span style=\"color: #d51373;\">EL ACEITE NUEVO DE LA VARIEDAD EMPELTRE ESTAR\u00c1 DISPONIBLE PR\u00d3XIMO.<\/span><\/b><\/div>\n","protected":false},"featured_media":709,"template":"","meta":{"_et_pb_use_builder":"on","_et_pb_old_content":"","_et_gb_content_width":""},"product_brand":[],"product_cat":[45,47],"product_tag":[],"class_list":{"0":"post-927","1":"product","2":"type-product","3":"status-publish","4":"has-post-thumbnail","6":"product_cat-aceites-oliva-virgen-extra","7":"product_cat-empeltre-es","9":"first","10":"outofstock","11":"shipping-taxable","12":"purchasable","13":"product-type-simple"},"yoast_head":"<!-- This site is optimized with the Yoast SEO plugin v27.4 - https:\/\/yoast.com\/product\/yoast-seo-wordpress\/ -->\n<title>Aceite de oliva virgen extra empeltre Mas Beturi\u00e0 2 l - Mas Beturi\u00e0<\/title>\n<meta name=\"robots\" content=\"index, follow, max-snippet:-1, max-image-preview:large, max-video-preview:-1\" \/>\n<link rel=\"canonical\" href=\"https:\/\/www.masbeturia.com\/es\/producto\/aceite-de-oliva-virgen-extra-empeltre-mas-beturia-2-l\/\" \/>\n<meta property=\"og:locale\" content=\"es_ES\" \/>\n<meta property=\"og:type\" content=\"article\" \/>\n<meta property=\"og:title\" content=\"Aceite de oliva virgen extra empeltre Mas Beturi\u00e0 2 l - Mas Beturi\u00e0\" \/>\n<meta property=\"og:description\" content=\"Aqu\u00ed puedes comprar aceite de oliva virgen extra empeltre Mas Beturi\u00e0 2 l de cosecha propia en un pr\u00e1ctico formato para todo tipo de cocinas. Este es un AOVE de categor\u00eda superior obtenido directamente de aceitunas empeltre s\u00f3lo mediante procedimientos mec\u00e1nicos para conservar todas sus propiedades naturales (polifenoles) y caracter\u00edsticas organol\u00e9pticas. El aceite de oliva virgen extra empeltre Mas Beturi\u00e0 es un aceite monovarietal complejo y equilibrado, de color dorado pajizo, ideal para maridar con carnes, pescado, verduras y reposter\u00eda. Nota de cata Aroma: frutado oliva floral que recuerda a hinojo, con matices herb\u00e1ceos y verduras frescas. Sabor: frutas verdes y maduras, tambi\u00e9n frutos secos, nuez y almendra. Picante y amargo que delatan los polifenoles (conservantes naturales). Formato: garrafa PET de 2 litros. EL ACEITE NUEVO DE LA VARIEDAD EMPELTRE ESTAR\u00c1 DISPONIBLE PR\u00d3XIMO.\" \/>\n<meta property=\"og:url\" content=\"https:\/\/www.masbeturia.com\/es\/producto\/aceite-de-oliva-virgen-extra-empeltre-mas-beturia-2-l\/\" \/>\n<meta property=\"og:site_name\" content=\"Mas Beturi\u00e0\" \/>\n<meta property=\"article:modified_time\" content=\"2023-11-07T11:24:49+00:00\" \/>\n<meta property=\"og:image\" content=\"https:\/\/www.masbeturia.com\/wp-content\/uploads\/2020\/03\/7-1.png\" \/>\n\t<meta property=\"og:image:width\" content=\"800\" \/>\n\t<meta property=\"og:image:height\" content=\"800\" \/>\n\t<meta property=\"og:image:type\" content=\"image\/png\" \/>\n<meta name=\"twitter:card\" content=\"summary_large_image\" \/>\n<script type=\"application\/ld+json\" class=\"yoast-schema-graph\">{\"@context\":\"https:\\\/\\\/schema.org\",\"@graph\":[{\"@type\":\"WebPage\",\"@id\":\"https:\\\/\\\/www.masbeturia.com\\\/es\\\/producto\\\/aceite-de-oliva-virgen-extra-empeltre-mas-beturia-2-l\\\/\",\"url\":\"https:\\\/\\\/www.masbeturia.com\\\/es\\\/producto\\\/aceite-de-oliva-virgen-extra-empeltre-mas-beturia-2-l\\\/\",\"name\":\"Aceite de oliva virgen extra empeltre Mas Beturi\u00e0 2 l - Mas Beturi\u00e0\",\"isPartOf\":{\"@id\":\"https:\\\/\\\/www.masbeturia.com\\\/#website\"},\"primaryImageOfPage\":{\"@id\":\"https:\\\/\\\/www.masbeturia.com\\\/es\\\/producto\\\/aceite-de-oliva-virgen-extra-empeltre-mas-beturia-2-l\\\/#primaryimage\"},\"image\":{\"@id\":\"https:\\\/\\\/www.masbeturia.com\\\/es\\\/producto\\\/aceite-de-oliva-virgen-extra-empeltre-mas-beturia-2-l\\\/#primaryimage\"},\"thumbnailUrl\":\"https:\\\/\\\/www.masbeturia.com\\\/wp-content\\\/uploads\\\/2020\\\/03\\\/7-1.png\",\"datePublished\":\"2020-03-16T07:18:28+00:00\",\"dateModified\":\"2023-11-07T11:24:49+00:00\",\"breadcrumb\":{\"@id\":\"https:\\\/\\\/www.masbeturia.com\\\/es\\\/producto\\\/aceite-de-oliva-virgen-extra-empeltre-mas-beturia-2-l\\\/#breadcrumb\"},\"inLanguage\":\"es\",\"potentialAction\":[{\"@type\":\"ReadAction\",\"target\":[\"https:\\\/\\\/www.masbeturia.com\\\/es\\\/producto\\\/aceite-de-oliva-virgen-extra-empeltre-mas-beturia-2-l\\\/\"]}]},{\"@type\":\"ImageObject\",\"inLanguage\":\"es\",\"@id\":\"https:\\\/\\\/www.masbeturia.com\\\/es\\\/producto\\\/aceite-de-oliva-virgen-extra-empeltre-mas-beturia-2-l\\\/#primaryimage\",\"url\":\"https:\\\/\\\/www.masbeturia.com\\\/wp-content\\\/uploads\\\/2020\\\/03\\\/7-1.png\",\"contentUrl\":\"https:\\\/\\\/www.masbeturia.com\\\/wp-content\\\/uploads\\\/2020\\\/03\\\/7-1.png\",\"width\":800,\"height\":800},{\"@type\":\"BreadcrumbList\",\"@id\":\"https:\\\/\\\/www.masbeturia.com\\\/es\\\/producto\\\/aceite-de-oliva-virgen-extra-empeltre-mas-beturia-2-l\\\/#breadcrumb\",\"itemListElement\":[{\"@type\":\"ListItem\",\"position\":1,\"name\":\"Portada\",\"item\":\"https:\\\/\\\/www.masbeturia.com\\\/es\\\/\"},{\"@type\":\"ListItem\",\"position\":2,\"name\":\"Tienda\",\"item\":\"https:\\\/\\\/www.masbeturia.com\\\/botiga\\\/\"},{\"@type\":\"ListItem\",\"position\":3,\"name\":\"Aceite de oliva virgen extra empeltre Mas Beturi\u00e0 2 l\"}]},{\"@type\":\"WebSite\",\"@id\":\"https:\\\/\\\/www.masbeturia.com\\\/#website\",\"url\":\"https:\\\/\\\/www.masbeturia.com\\\/\",\"name\":\"Mas Beturi\u00e0\",\"description\":\"\",\"potentialAction\":[{\"@type\":\"SearchAction\",\"target\":{\"@type\":\"EntryPoint\",\"urlTemplate\":\"https:\\\/\\\/www.masbeturia.com\\\/?s={search_term_string}\"},\"query-input\":{\"@type\":\"PropertyValueSpecification\",\"valueRequired\":true,\"valueName\":\"search_term_string\"}}],\"inLanguage\":\"es\"}]}<\/script>\n<!-- \/ Yoast SEO plugin. -->","yoast_head_json":{"title":"Aceite de oliva virgen extra empeltre Mas Beturi\u00e0 2 l - Mas Beturi\u00e0","robots":{"index":"index","follow":"follow","max-snippet":"max-snippet:-1","max-image-preview":"max-image-preview:large","max-video-preview":"max-video-preview:-1"},"canonical":"https:\/\/www.masbeturia.com\/es\/producto\/aceite-de-oliva-virgen-extra-empeltre-mas-beturia-2-l\/","og_locale":"es_ES","og_type":"article","og_title":"Aceite de oliva virgen extra empeltre Mas Beturi\u00e0 2 l - Mas Beturi\u00e0","og_description":"Aqu\u00ed puedes comprar aceite de oliva virgen extra empeltre Mas Beturi\u00e0 2 l de cosecha propia en un pr\u00e1ctico formato para todo tipo de cocinas. Este es un AOVE de categor\u00eda superior obtenido directamente de aceitunas empeltre s\u00f3lo mediante procedimientos mec\u00e1nicos para conservar todas sus propiedades naturales (polifenoles) y caracter\u00edsticas organol\u00e9pticas. El aceite de oliva virgen extra empeltre Mas Beturi\u00e0 es un aceite monovarietal complejo y equilibrado, de color dorado pajizo, ideal para maridar con carnes, pescado, verduras y reposter\u00eda. Nota de cata Aroma: frutado oliva floral que recuerda a hinojo, con matices herb\u00e1ceos y verduras frescas. Sabor: frutas verdes y maduras, tambi\u00e9n frutos secos, nuez y almendra. Picante y amargo que delatan los polifenoles (conservantes naturales). Formato: garrafa PET de 2 litros. EL ACEITE NUEVO DE LA VARIEDAD EMPELTRE ESTAR\u00c1 DISPONIBLE PR\u00d3XIMO.","og_url":"https:\/\/www.masbeturia.com\/es\/producto\/aceite-de-oliva-virgen-extra-empeltre-mas-beturia-2-l\/","og_site_name":"Mas Beturi\u00e0","article_modified_time":"2023-11-07T11:24:49+00:00","og_image":[{"width":800,"height":800,"url":"https:\/\/www.masbeturia.com\/wp-content\/uploads\/2020\/03\/7-1.png","type":"image\/png"}],"twitter_card":"summary_large_image","schema":{"@context":"https:\/\/schema.org","@graph":[{"@type":"WebPage","@id":"https:\/\/www.masbeturia.com\/es\/producto\/aceite-de-oliva-virgen-extra-empeltre-mas-beturia-2-l\/","url":"https:\/\/www.masbeturia.com\/es\/producto\/aceite-de-oliva-virgen-extra-empeltre-mas-beturia-2-l\/","name":"Aceite de oliva virgen extra empeltre Mas Beturi\u00e0 2 l - Mas Beturi\u00e0","isPartOf":{"@id":"https:\/\/www.masbeturia.com\/#website"},"primaryImageOfPage":{"@id":"https:\/\/www.masbeturia.com\/es\/producto\/aceite-de-oliva-virgen-extra-empeltre-mas-beturia-2-l\/#primaryimage"},"image":{"@id":"https:\/\/www.masbeturia.com\/es\/producto\/aceite-de-oliva-virgen-extra-empeltre-mas-beturia-2-l\/#primaryimage"},"thumbnailUrl":"https:\/\/www.masbeturia.com\/wp-content\/uploads\/2020\/03\/7-1.png","datePublished":"2020-03-16T07:18:28+00:00","dateModified":"2023-11-07T11:24:49+00:00","breadcrumb":{"@id":"https:\/\/www.masbeturia.com\/es\/producto\/aceite-de-oliva-virgen-extra-empeltre-mas-beturia-2-l\/#breadcrumb"},"inLanguage":"es","potentialAction":[{"@type":"ReadAction","target":["https:\/\/www.masbeturia.com\/es\/producto\/aceite-de-oliva-virgen-extra-empeltre-mas-beturia-2-l\/"]}]},{"@type":"ImageObject","inLanguage":"es","@id":"https:\/\/www.masbeturia.com\/es\/producto\/aceite-de-oliva-virgen-extra-empeltre-mas-beturia-2-l\/#primaryimage","url":"https:\/\/www.masbeturia.com\/wp-content\/uploads\/2020\/03\/7-1.png","contentUrl":"https:\/\/www.masbeturia.com\/wp-content\/uploads\/2020\/03\/7-1.png","width":800,"height":800},{"@type":"BreadcrumbList","@id":"https:\/\/www.masbeturia.com\/es\/producto\/aceite-de-oliva-virgen-extra-empeltre-mas-beturia-2-l\/#breadcrumb","itemListElement":[{"@type":"ListItem","position":1,"name":"Portada","item":"https:\/\/www.masbeturia.com\/es\/"},{"@type":"ListItem","position":2,"name":"Tienda","item":"https:\/\/www.masbeturia.com\/botiga\/"},{"@type":"ListItem","position":3,"name":"Aceite de oliva virgen extra empeltre Mas Beturi\u00e0 2 l"}]},{"@type":"WebSite","@id":"https:\/\/www.masbeturia.com\/#website","url":"https:\/\/www.masbeturia.com\/","name":"Mas Beturi\u00e0","description":"","potentialAction":[{"@type":"SearchAction","target":{"@type":"EntryPoint","urlTemplate":"https:\/\/www.masbeturia.com\/?s={search_term_string}"},"query-input":{"@type":"PropertyValueSpecification","valueRequired":true,"valueName":"search_term_string"}}],"inLanguage":"es"}]}},"_links":{"self":[{"href":"https:\/\/www.masbeturia.com\/es\/wp-json\/wp\/v2\/product\/927","targetHints":{"allow":["GET"]}}],"collection":[{"href":"https:\/\/www.masbeturia.com\/es\/wp-json\/wp\/v2\/product"}],"about":[{"href":"https:\/\/www.masbeturia.com\/es\/wp-json\/wp\/v2\/types\/product"}],"wp:featuredmedia":[{"embeddable":true,"href":"https:\/\/www.masbeturia.com\/es\/wp-json\/wp\/v2\/media\/709"}],"wp:attachment":[{"href":"https:\/\/www.masbeturia.com\/es\/wp-json\/wp\/v2\/media?parent=927"}],"wp:term":[{"taxonomy":"product_brand","embeddable":true,"href":"https:\/\/www.masbeturia.com\/es\/wp-json\/wp\/v2\/product_brand?post=927"},{"taxonomy":"product_cat","embeddable":true,"href":"https:\/\/www.masbeturia.com\/es\/wp-json\/wp\/v2\/product_cat?post=927"},{"taxonomy":"product_tag","embeddable":true,"href":"https:\/\/www.masbeturia.com\/es\/wp-json\/wp\/v2\/product_tag?post=927"}],"curies":[{"name":"wp","href":"https:\/\/api.w.org\/{rel}","templated":true}]}}