{"id":930,"date":"2020-01-16T07:58:28","date_gmt":"2020-01-16T07:58:28","guid":{"rendered":"https:\/\/www.masbeturia.com\/producto\/aceite-de-oliva-virgen-extra-arbequina-premium-mas-beturia-500-ml\/"},"modified":"2020-04-01T06:58:17","modified_gmt":"2020-04-01T06:58:17","slug":"aceite-de-oliva-virgen-extra-arbequina-premium-mas-beturia-500-ml","status":"publish","type":"product","link":"https:\/\/www.masbeturia.com\/es\/producto\/aceite-de-oliva-virgen-extra-arbequina-premium-mas-beturia-500-ml\/","title":{"rendered":"Aceite de oliva virgen extra arbequina premium Mas Beturi\u00e0 500 ml"},"content":{"rendered":"","protected":false},"excerpt":{"rendered":"<p>Aqu\u00ed puedes comprar aceite de oliva virgen extra arbequina premium Mas Beturi\u00e0 500 ml de <strong>cosecha propia<\/strong> en envase de vidrio opaco. Nuestro aceite premium ideal para regalar, llevarse de viaje y tambi\u00e9n para usar en la cocina.<\/p>\n<p>Da un toque especial a la cocina de cada d\u00eda o sabor\u00e9alo sobre una rebanada de pan artesano y disfruta de una explosi\u00f3n de sabores.<\/p>\n<p>Este es un <strong>AOVE<\/strong> de categor\u00eda superior obtenido directamente de aceitunas <strong>arbequinas<\/strong> seleccionadas s\u00f3lo mediante procedimientos mec\u00e1nicos para conservar todas sus propiedades naturales (polifenoles) y caracter\u00edsticas organol\u00e9pticas.<\/p>\n<p>El aceite de oliva virgen extra arbequina Mas Beturi\u00e0 es un aceite monovarietal equilibrado y elegante, ideal para maridar con ensaladas, carnes, pan con tomate o dulces (chocolate).<\/p>\n<p class=\"tbold\">Nota de cata<\/p>\n<p class=\"p2 tbold\"><span class=\"color-principal\">Aroma:<\/span> frutado oliva alto con sensaciones a hierba-hoja y verduras frescas.<\/p>\n<p class=\"p2 tbold\"><span class=\"color-principal\">Sabor:<\/span> verduras como tomate o alcachofa. Tambi\u00e9n nuez verde e hinojo, con conservantes naturales (polifenoles) expresados en amargo y picante.<\/p>\n<p><strong>Formato<\/strong>: botella de 500 ml de vidrio opaco, que garantiza su \u00f3ptima conservaci\u00f3n.<\/p>\n","protected":false},"featured_media":713,"template":"","meta":{"_et_pb_use_builder":"on","_et_pb_old_content":"","_et_gb_content_width":""},"product_cat":[45,46],"product_tag":[],"class_list":{"0":"post-930","1":"product","2":"type-product","3":"status-publish","4":"has-post-thumbnail","6":"product_cat-aceites-oliva-virgen-extra","7":"product_cat-arbequina-es","9":"first","10":"instock","11":"featured","12":"shipping-taxable","13":"purchasable","14":"product-type-simple"},"yoast_head":"<!-- This site is optimized with the Yoast SEO plugin v23.9 - https:\/\/yoast.com\/wordpress\/plugins\/seo\/ -->\n<title>Aceite de oliva virgen extra arbequina premium Mas Beturi\u00e0 500 ml - Mas Beturi\u00e0<\/title>\n<meta name=\"robots\" content=\"index, follow, max-snippet:-1, max-image-preview:large, max-video-preview:-1\" \/>\n<link rel=\"canonical\" href=\"https:\/\/www.masbeturia.com\/producte\/oli-oliva-verge-extra-arbequina-premium-mas-beturia-500-ml\/\" \/>\n<meta property=\"og:locale\" content=\"es_ES\" \/>\n<meta property=\"og:type\" content=\"article\" \/>\n<meta property=\"og:title\" content=\"Aceite de oliva virgen extra arbequina premium Mas Beturi\u00e0 500 ml - Mas Beturi\u00e0\" \/>\n<meta property=\"og:description\" content=\"Aqu\u00ed puedes comprar aceite de oliva virgen extra arbequina premium Mas Beturi\u00e0 500 ml de cosecha propia en envase de vidrio opaco. Nuestro aceite premium ideal para regalar, llevarse de viaje y tambi\u00e9n para usar en la cocina. Da un toque especial a la cocina de cada d\u00eda o sabor\u00e9alo sobre una rebanada de pan artesano y disfruta de una explosi\u00f3n de sabores. Este es un AOVE de categor\u00eda superior obtenido directamente de aceitunas arbequinas seleccionadas s\u00f3lo mediante procedimientos mec\u00e1nicos para conservar todas sus propiedades naturales (polifenoles) y caracter\u00edsticas organol\u00e9pticas. El aceite de oliva virgen extra arbequina Mas Beturi\u00e0 es un aceite monovarietal equilibrado y elegante, ideal para maridar con ensaladas, carnes, pan con tomate o dulces (chocolate). Nota de cata Aroma: frutado oliva alto con sensaciones a hierba-hoja y verduras frescas. Sabor: verduras como tomate o alcachofa. Tambi\u00e9n nuez verde e hinojo, con conservantes naturales (polifenoles) expresados en amargo y picante. Formato: botella de 500 ml de vidrio opaco, que garantiza su \u00f3ptima conservaci\u00f3n.\" \/>\n<meta property=\"og:url\" content=\"https:\/\/www.masbeturia.com\/producte\/oli-oliva-verge-extra-arbequina-premium-mas-beturia-500-ml\/\" \/>\n<meta property=\"og:site_name\" content=\"Mas Beturi\u00e0\" \/>\n<meta property=\"article:modified_time\" content=\"2020-04-01T06:58:17+00:00\" \/>\n<meta property=\"og:image\" content=\"https:\/\/www.masbeturia.com\/wp-content\/uploads\/2020\/03\/13.png\" \/>\n\t<meta property=\"og:image:width\" content=\"800\" \/>\n\t<meta property=\"og:image:height\" content=\"800\" \/>\n\t<meta property=\"og:image:type\" content=\"image\/png\" \/>\n<meta name=\"twitter:card\" content=\"summary_large_image\" \/>\n<script type=\"application\/ld+json\" class=\"yoast-schema-graph\">{\"@context\":\"https:\/\/schema.org\",\"@graph\":[{\"@type\":\"WebPage\",\"@id\":\"https:\/\/www.masbeturia.com\/producte\/oli-oliva-verge-extra-arbequina-premium-mas-beturia-500-ml\/\",\"url\":\"https:\/\/www.masbeturia.com\/producte\/oli-oliva-verge-extra-arbequina-premium-mas-beturia-500-ml\/\",\"name\":\"Aceite de oliva virgen extra arbequina premium Mas Beturi\u00e0 500 ml - Mas Beturi\u00e0\",\"isPartOf\":{\"@id\":\"https:\/\/www.masbeturia.com\/#website\"},\"primaryImageOfPage\":{\"@id\":\"https:\/\/www.masbeturia.com\/producte\/oli-oliva-verge-extra-arbequina-premium-mas-beturia-500-ml\/#primaryimage\"},\"image\":{\"@id\":\"https:\/\/www.masbeturia.com\/producte\/oli-oliva-verge-extra-arbequina-premium-mas-beturia-500-ml\/#primaryimage\"},\"thumbnailUrl\":\"https:\/\/www.masbeturia.com\/wp-content\/uploads\/2020\/03\/13.png\",\"datePublished\":\"2020-01-16T07:58:28+00:00\",\"dateModified\":\"2020-04-01T06:58:17+00:00\",\"breadcrumb\":{\"@id\":\"https:\/\/www.masbeturia.com\/producte\/oli-oliva-verge-extra-arbequina-premium-mas-beturia-500-ml\/#breadcrumb\"},\"inLanguage\":\"es\",\"potentialAction\":[{\"@type\":\"ReadAction\",\"target\":[\"https:\/\/www.masbeturia.com\/producte\/oli-oliva-verge-extra-arbequina-premium-mas-beturia-500-ml\/\"]}]},{\"@type\":\"ImageObject\",\"inLanguage\":\"es\",\"@id\":\"https:\/\/www.masbeturia.com\/producte\/oli-oliva-verge-extra-arbequina-premium-mas-beturia-500-ml\/#primaryimage\",\"url\":\"https:\/\/www.masbeturia.com\/wp-content\/uploads\/2020\/03\/13.png\",\"contentUrl\":\"https:\/\/www.masbeturia.com\/wp-content\/uploads\/2020\/03\/13.png\",\"width\":800,\"height\":800},{\"@type\":\"BreadcrumbList\",\"@id\":\"https:\/\/www.masbeturia.com\/producte\/oli-oliva-verge-extra-arbequina-premium-mas-beturia-500-ml\/#breadcrumb\",\"itemListElement\":[{\"@type\":\"ListItem\",\"position\":1,\"name\":\"Portada\",\"item\":\"https:\/\/www.masbeturia.com\/es\/\"},{\"@type\":\"ListItem\",\"position\":2,\"name\":\"Tienda\",\"item\":\"https:\/\/www.masbeturia.com\/botiga\/\"},{\"@type\":\"ListItem\",\"position\":3,\"name\":\"Aceite de oliva virgen extra arbequina premium Mas Beturi\u00e0 500 ml\"}]},{\"@type\":\"WebSite\",\"@id\":\"https:\/\/www.masbeturia.com\/#website\",\"url\":\"https:\/\/www.masbeturia.com\/\",\"name\":\"Mas Beturi\u00e0\",\"description\":\"\",\"potentialAction\":[{\"@type\":\"SearchAction\",\"target\":{\"@type\":\"EntryPoint\",\"urlTemplate\":\"https:\/\/www.masbeturia.com\/?s={search_term_string}\"},\"query-input\":{\"@type\":\"PropertyValueSpecification\",\"valueRequired\":true,\"valueName\":\"search_term_string\"}}],\"inLanguage\":\"es\"}]}<\/script>\n<!-- \/ Yoast SEO plugin. -->","yoast_head_json":{"title":"Aceite de oliva virgen extra arbequina premium Mas Beturi\u00e0 500 ml - Mas Beturi\u00e0","robots":{"index":"index","follow":"follow","max-snippet":"max-snippet:-1","max-image-preview":"max-image-preview:large","max-video-preview":"max-video-preview:-1"},"canonical":"https:\/\/www.masbeturia.com\/producte\/oli-oliva-verge-extra-arbequina-premium-mas-beturia-500-ml\/","og_locale":"es_ES","og_type":"article","og_title":"Aceite de oliva virgen extra arbequina premium Mas Beturi\u00e0 500 ml - Mas Beturi\u00e0","og_description":"Aqu\u00ed puedes comprar aceite de oliva virgen extra arbequina premium Mas Beturi\u00e0 500 ml de cosecha propia en envase de vidrio opaco. Nuestro aceite premium ideal para regalar, llevarse de viaje y tambi\u00e9n para usar en la cocina. Da un toque especial a la cocina de cada d\u00eda o sabor\u00e9alo sobre una rebanada de pan artesano y disfruta de una explosi\u00f3n de sabores. Este es un AOVE de categor\u00eda superior obtenido directamente de aceitunas arbequinas seleccionadas s\u00f3lo mediante procedimientos mec\u00e1nicos para conservar todas sus propiedades naturales (polifenoles) y caracter\u00edsticas organol\u00e9pticas. El aceite de oliva virgen extra arbequina Mas Beturi\u00e0 es un aceite monovarietal equilibrado y elegante, ideal para maridar con ensaladas, carnes, pan con tomate o dulces (chocolate). Nota de cata Aroma: frutado oliva alto con sensaciones a hierba-hoja y verduras frescas. Sabor: verduras como tomate o alcachofa. Tambi\u00e9n nuez verde e hinojo, con conservantes naturales (polifenoles) expresados en amargo y picante. Formato: botella de 500 ml de vidrio opaco, que garantiza su \u00f3ptima conservaci\u00f3n.","og_url":"https:\/\/www.masbeturia.com\/producte\/oli-oliva-verge-extra-arbequina-premium-mas-beturia-500-ml\/","og_site_name":"Mas Beturi\u00e0","article_modified_time":"2020-04-01T06:58:17+00:00","og_image":[{"width":800,"height":800,"url":"https:\/\/www.masbeturia.com\/wp-content\/uploads\/2020\/03\/13.png","type":"image\/png"}],"twitter_card":"summary_large_image","schema":{"@context":"https:\/\/schema.org","@graph":[{"@type":"WebPage","@id":"https:\/\/www.masbeturia.com\/producte\/oli-oliva-verge-extra-arbequina-premium-mas-beturia-500-ml\/","url":"https:\/\/www.masbeturia.com\/producte\/oli-oliva-verge-extra-arbequina-premium-mas-beturia-500-ml\/","name":"Aceite de oliva virgen extra arbequina premium Mas Beturi\u00e0 500 ml - Mas Beturi\u00e0","isPartOf":{"@id":"https:\/\/www.masbeturia.com\/#website"},"primaryImageOfPage":{"@id":"https:\/\/www.masbeturia.com\/producte\/oli-oliva-verge-extra-arbequina-premium-mas-beturia-500-ml\/#primaryimage"},"image":{"@id":"https:\/\/www.masbeturia.com\/producte\/oli-oliva-verge-extra-arbequina-premium-mas-beturia-500-ml\/#primaryimage"},"thumbnailUrl":"https:\/\/www.masbeturia.com\/wp-content\/uploads\/2020\/03\/13.png","datePublished":"2020-01-16T07:58:28+00:00","dateModified":"2020-04-01T06:58:17+00:00","breadcrumb":{"@id":"https:\/\/www.masbeturia.com\/producte\/oli-oliva-verge-extra-arbequina-premium-mas-beturia-500-ml\/#breadcrumb"},"inLanguage":"es","potentialAction":[{"@type":"ReadAction","target":["https:\/\/www.masbeturia.com\/producte\/oli-oliva-verge-extra-arbequina-premium-mas-beturia-500-ml\/"]}]},{"@type":"ImageObject","inLanguage":"es","@id":"https:\/\/www.masbeturia.com\/producte\/oli-oliva-verge-extra-arbequina-premium-mas-beturia-500-ml\/#primaryimage","url":"https:\/\/www.masbeturia.com\/wp-content\/uploads\/2020\/03\/13.png","contentUrl":"https:\/\/www.masbeturia.com\/wp-content\/uploads\/2020\/03\/13.png","width":800,"height":800},{"@type":"BreadcrumbList","@id":"https:\/\/www.masbeturia.com\/producte\/oli-oliva-verge-extra-arbequina-premium-mas-beturia-500-ml\/#breadcrumb","itemListElement":[{"@type":"ListItem","position":1,"name":"Portada","item":"https:\/\/www.masbeturia.com\/es\/"},{"@type":"ListItem","position":2,"name":"Tienda","item":"https:\/\/www.masbeturia.com\/botiga\/"},{"@type":"ListItem","position":3,"name":"Aceite de oliva virgen extra arbequina premium Mas Beturi\u00e0 500 ml"}]},{"@type":"WebSite","@id":"https:\/\/www.masbeturia.com\/#website","url":"https:\/\/www.masbeturia.com\/","name":"Mas Beturi\u00e0","description":"","potentialAction":[{"@type":"SearchAction","target":{"@type":"EntryPoint","urlTemplate":"https:\/\/www.masbeturia.com\/?s={search_term_string}"},"query-input":{"@type":"PropertyValueSpecification","valueRequired":true,"valueName":"search_term_string"}}],"inLanguage":"es"}]}},"_links":{"self":[{"href":"https:\/\/www.masbeturia.com\/es\/wp-json\/wp\/v2\/product\/930","targetHints":{"allow":["GET"]}}],"collection":[{"href":"https:\/\/www.masbeturia.com\/es\/wp-json\/wp\/v2\/product"}],"about":[{"href":"https:\/\/www.masbeturia.com\/es\/wp-json\/wp\/v2\/types\/product"}],"wp:featuredmedia":[{"embeddable":true,"href":"https:\/\/www.masbeturia.com\/es\/wp-json\/wp\/v2\/media\/713"}],"wp:attachment":[{"href":"https:\/\/www.masbeturia.com\/es\/wp-json\/wp\/v2\/media?parent=930"}],"wp:term":[{"taxonomy":"product_cat","embeddable":true,"href":"https:\/\/www.masbeturia.com\/es\/wp-json\/wp\/v2\/product_cat?post=930"},{"taxonomy":"product_tag","embeddable":true,"href":"https:\/\/www.masbeturia.com\/es\/wp-json\/wp\/v2\/product_tag?post=930"}],"curies":[{"name":"wp","href":"https:\/\/api.w.org\/{rel}","templated":true}]}}