{"id":933,"date":"2020-01-17T08:33:18","date_gmt":"2020-01-17T08:33:18","guid":{"rendered":"https:\/\/www.masbeturia.com\/producto\/aceite-oliva-virgen-extra-arbequina-mas-beturia-250-ml\/"},"modified":"2020-04-01T07:02:11","modified_gmt":"2020-04-01T07:02:11","slug":"aceite-oliva-virgen-extra-arbequina-mas-beturia-250-ml","status":"publish","type":"product","link":"https:\/\/www.masbeturia.com\/es\/producto\/aceite-oliva-virgen-extra-arbequina-mas-beturia-250-ml\/","title":{"rendered":"Aceite de oliva virgen extra arbequina Mas Beturi\u00e0 250 ml"},"content":{"rendered":"","protected":false},"excerpt":{"rendered":"<p>Aqu\u00ed puedes comprar aceite de oliva virgen extra arbequina Mas Beturi\u00e0 250 ml de <strong>cosecha propia<\/strong> en envase de vidrio opaco. Un aceite ideal para servir en las mesas de los mejores restaurantes, usar en la cocina, llevarse de viaje o regalar.<\/p>\n<p>Da un toque especial a la cocina de cada d\u00eda o sabor\u00e9alo sobre una rebanada de pan artesano y disfruta de una explosi\u00f3n de sabores.<\/p>\n<p>Este es un <strong>AOVE<\/strong> de categor\u00eda superior obtenido directamente de aceitunas <strong>arbequinas<\/strong> s\u00f3lo mediante procedimientos mec\u00e1nicos para conservar todas sus propiedades naturales (polifenoles) y caracter\u00edsticas organol\u00e9pticas.<\/p>\n<p>El aceite de oliva virgen extra arbequina Mas Beturi\u00e0 es un aceite monovarietal equilibrado y elegante, ideal para maridar con ensaladas, carnes, pan con tomate o dulces (chocolate).<\/p>\n<p class=\"tbold\">Nota de cata<\/p>\n<p class=\"p2 tbold\"><span class=\"color-principal\">Aroma:<\/span> frutado oliva alto con sensaciones a hierba-hoja y verduras frescas.<\/p>\n<p class=\"p2 tbold\"><span class=\"color-principal\">Sabor:<\/span> verduras como tomate o alcachofa. Tambi\u00e9n nuez verde e hinojo, con conservantes naturales (polifenoles) expresados en amargo y picante.<\/p>\n<p><strong>Formato<\/strong>: botella d\u00f3rica de 250 ml de vidrio opaco, que garantiza su \u00f3ptima conservaci\u00f3n, con tap\u00f3n no rellenable.<\/p>\n","protected":false},"featured_media":811,"template":"","meta":{"_et_pb_use_builder":"on","_et_pb_old_content":"","_et_gb_content_width":""},"product_brand":[],"product_cat":[45,46],"product_tag":[],"class_list":{"0":"post-933","1":"product","2":"type-product","3":"status-publish","4":"has-post-thumbnail","6":"product_cat-aceites-oliva-virgen-extra","7":"product_cat-arbequina-es","9":"first","10":"instock","11":"shipping-taxable","12":"purchasable","13":"product-type-simple"},"yoast_head":"<!-- This site is optimized with the Yoast SEO plugin v27.4 - https:\/\/yoast.com\/product\/yoast-seo-wordpress\/ -->\n<title>Aceite de oliva virgen extra arbequina Mas Beturi\u00e0 250 ml - Mas Beturi\u00e0<\/title>\n<meta name=\"robots\" content=\"index, follow, max-snippet:-1, max-image-preview:large, max-video-preview:-1\" \/>\n<link rel=\"canonical\" href=\"https:\/\/www.masbeturia.com\/es\/producto\/aceite-oliva-virgen-extra-arbequina-mas-beturia-250-ml\/\" \/>\n<meta property=\"og:locale\" content=\"es_ES\" \/>\n<meta property=\"og:type\" content=\"article\" \/>\n<meta property=\"og:title\" content=\"Aceite de oliva virgen extra arbequina Mas Beturi\u00e0 250 ml - Mas Beturi\u00e0\" \/>\n<meta property=\"og:description\" content=\"Aqu\u00ed puedes comprar aceite de oliva virgen extra arbequina Mas Beturi\u00e0 250 ml de cosecha propia en envase de vidrio opaco. Un aceite ideal para servir en las mesas de los mejores restaurantes, usar en la cocina, llevarse de viaje o regalar. Da un toque especial a la cocina de cada d\u00eda o sabor\u00e9alo sobre una rebanada de pan artesano y disfruta de una explosi\u00f3n de sabores. Este es un AOVE de categor\u00eda superior obtenido directamente de aceitunas arbequinas s\u00f3lo mediante procedimientos mec\u00e1nicos para conservar todas sus propiedades naturales (polifenoles) y caracter\u00edsticas organol\u00e9pticas. El aceite de oliva virgen extra arbequina Mas Beturi\u00e0 es un aceite monovarietal equilibrado y elegante, ideal para maridar con ensaladas, carnes, pan con tomate o dulces (chocolate). Nota de cata Aroma: frutado oliva alto con sensaciones a hierba-hoja y verduras frescas. Sabor: verduras como tomate o alcachofa. Tambi\u00e9n nuez verde e hinojo, con conservantes naturales (polifenoles) expresados en amargo y picante. Formato: botella d\u00f3rica de 250 ml de vidrio opaco, que garantiza su \u00f3ptima conservaci\u00f3n, con tap\u00f3n no rellenable.\" \/>\n<meta property=\"og:url\" content=\"https:\/\/www.masbeturia.com\/es\/producto\/aceite-oliva-virgen-extra-arbequina-mas-beturia-250-ml\/\" \/>\n<meta property=\"og:site_name\" content=\"Mas Beturi\u00e0\" \/>\n<meta property=\"article:modified_time\" content=\"2020-04-01T07:02:11+00:00\" \/>\n<meta property=\"og:image\" content=\"https:\/\/www.masbeturia.com\/wp-content\/uploads\/2020\/01\/250-ml-FRONTAL.jpg-Arbequina.png\" \/>\n\t<meta property=\"og:image:width\" content=\"800\" \/>\n\t<meta property=\"og:image:height\" content=\"800\" \/>\n\t<meta property=\"og:image:type\" content=\"image\/png\" \/>\n<meta name=\"twitter:card\" content=\"summary_large_image\" \/>\n<script type=\"application\/ld+json\" class=\"yoast-schema-graph\">{\"@context\":\"https:\\\/\\\/schema.org\",\"@graph\":[{\"@type\":\"WebPage\",\"@id\":\"https:\\\/\\\/www.masbeturia.com\\\/es\\\/producto\\\/aceite-oliva-virgen-extra-arbequina-mas-beturia-250-ml\\\/\",\"url\":\"https:\\\/\\\/www.masbeturia.com\\\/es\\\/producto\\\/aceite-oliva-virgen-extra-arbequina-mas-beturia-250-ml\\\/\",\"name\":\"Aceite de oliva virgen extra arbequina Mas Beturi\u00e0 250 ml - Mas Beturi\u00e0\",\"isPartOf\":{\"@id\":\"https:\\\/\\\/www.masbeturia.com\\\/#website\"},\"primaryImageOfPage\":{\"@id\":\"https:\\\/\\\/www.masbeturia.com\\\/es\\\/producto\\\/aceite-oliva-virgen-extra-arbequina-mas-beturia-250-ml\\\/#primaryimage\"},\"image\":{\"@id\":\"https:\\\/\\\/www.masbeturia.com\\\/es\\\/producto\\\/aceite-oliva-virgen-extra-arbequina-mas-beturia-250-ml\\\/#primaryimage\"},\"thumbnailUrl\":\"https:\\\/\\\/www.masbeturia.com\\\/wp-content\\\/uploads\\\/2020\\\/01\\\/250-ml-FRONTAL.jpg-Arbequina.png\",\"datePublished\":\"2020-01-17T08:33:18+00:00\",\"dateModified\":\"2020-04-01T07:02:11+00:00\",\"breadcrumb\":{\"@id\":\"https:\\\/\\\/www.masbeturia.com\\\/es\\\/producto\\\/aceite-oliva-virgen-extra-arbequina-mas-beturia-250-ml\\\/#breadcrumb\"},\"inLanguage\":\"es\",\"potentialAction\":[{\"@type\":\"ReadAction\",\"target\":[\"https:\\\/\\\/www.masbeturia.com\\\/es\\\/producto\\\/aceite-oliva-virgen-extra-arbequina-mas-beturia-250-ml\\\/\"]}]},{\"@type\":\"ImageObject\",\"inLanguage\":\"es\",\"@id\":\"https:\\\/\\\/www.masbeturia.com\\\/es\\\/producto\\\/aceite-oliva-virgen-extra-arbequina-mas-beturia-250-ml\\\/#primaryimage\",\"url\":\"https:\\\/\\\/www.masbeturia.com\\\/wp-content\\\/uploads\\\/2020\\\/01\\\/250-ml-FRONTAL.jpg-Arbequina.png\",\"contentUrl\":\"https:\\\/\\\/www.masbeturia.com\\\/wp-content\\\/uploads\\\/2020\\\/01\\\/250-ml-FRONTAL.jpg-Arbequina.png\",\"width\":800,\"height\":800},{\"@type\":\"BreadcrumbList\",\"@id\":\"https:\\\/\\\/www.masbeturia.com\\\/es\\\/producto\\\/aceite-oliva-virgen-extra-arbequina-mas-beturia-250-ml\\\/#breadcrumb\",\"itemListElement\":[{\"@type\":\"ListItem\",\"position\":1,\"name\":\"Portada\",\"item\":\"https:\\\/\\\/www.masbeturia.com\\\/es\\\/\"},{\"@type\":\"ListItem\",\"position\":2,\"name\":\"Tienda\",\"item\":\"https:\\\/\\\/www.masbeturia.com\\\/botiga\\\/\"},{\"@type\":\"ListItem\",\"position\":3,\"name\":\"Aceite de oliva virgen extra arbequina Mas Beturi\u00e0 250 ml\"}]},{\"@type\":\"WebSite\",\"@id\":\"https:\\\/\\\/www.masbeturia.com\\\/#website\",\"url\":\"https:\\\/\\\/www.masbeturia.com\\\/\",\"name\":\"Mas Beturi\u00e0\",\"description\":\"\",\"potentialAction\":[{\"@type\":\"SearchAction\",\"target\":{\"@type\":\"EntryPoint\",\"urlTemplate\":\"https:\\\/\\\/www.masbeturia.com\\\/?s={search_term_string}\"},\"query-input\":{\"@type\":\"PropertyValueSpecification\",\"valueRequired\":true,\"valueName\":\"search_term_string\"}}],\"inLanguage\":\"es\"}]}<\/script>\n<!-- \/ Yoast SEO plugin. -->","yoast_head_json":{"title":"Aceite de oliva virgen extra arbequina Mas Beturi\u00e0 250 ml - Mas Beturi\u00e0","robots":{"index":"index","follow":"follow","max-snippet":"max-snippet:-1","max-image-preview":"max-image-preview:large","max-video-preview":"max-video-preview:-1"},"canonical":"https:\/\/www.masbeturia.com\/es\/producto\/aceite-oliva-virgen-extra-arbequina-mas-beturia-250-ml\/","og_locale":"es_ES","og_type":"article","og_title":"Aceite de oliva virgen extra arbequina Mas Beturi\u00e0 250 ml - Mas Beturi\u00e0","og_description":"Aqu\u00ed puedes comprar aceite de oliva virgen extra arbequina Mas Beturi\u00e0 250 ml de cosecha propia en envase de vidrio opaco. Un aceite ideal para servir en las mesas de los mejores restaurantes, usar en la cocina, llevarse de viaje o regalar. Da un toque especial a la cocina de cada d\u00eda o sabor\u00e9alo sobre una rebanada de pan artesano y disfruta de una explosi\u00f3n de sabores. Este es un AOVE de categor\u00eda superior obtenido directamente de aceitunas arbequinas s\u00f3lo mediante procedimientos mec\u00e1nicos para conservar todas sus propiedades naturales (polifenoles) y caracter\u00edsticas organol\u00e9pticas. El aceite de oliva virgen extra arbequina Mas Beturi\u00e0 es un aceite monovarietal equilibrado y elegante, ideal para maridar con ensaladas, carnes, pan con tomate o dulces (chocolate). Nota de cata Aroma: frutado oliva alto con sensaciones a hierba-hoja y verduras frescas. Sabor: verduras como tomate o alcachofa. Tambi\u00e9n nuez verde e hinojo, con conservantes naturales (polifenoles) expresados en amargo y picante. Formato: botella d\u00f3rica de 250 ml de vidrio opaco, que garantiza su \u00f3ptima conservaci\u00f3n, con tap\u00f3n no rellenable.","og_url":"https:\/\/www.masbeturia.com\/es\/producto\/aceite-oliva-virgen-extra-arbequina-mas-beturia-250-ml\/","og_site_name":"Mas Beturi\u00e0","article_modified_time":"2020-04-01T07:02:11+00:00","og_image":[{"width":800,"height":800,"url":"https:\/\/www.masbeturia.com\/wp-content\/uploads\/2020\/01\/250-ml-FRONTAL.jpg-Arbequina.png","type":"image\/png"}],"twitter_card":"summary_large_image","schema":{"@context":"https:\/\/schema.org","@graph":[{"@type":"WebPage","@id":"https:\/\/www.masbeturia.com\/es\/producto\/aceite-oliva-virgen-extra-arbequina-mas-beturia-250-ml\/","url":"https:\/\/www.masbeturia.com\/es\/producto\/aceite-oliva-virgen-extra-arbequina-mas-beturia-250-ml\/","name":"Aceite de oliva virgen extra arbequina Mas Beturi\u00e0 250 ml - Mas Beturi\u00e0","isPartOf":{"@id":"https:\/\/www.masbeturia.com\/#website"},"primaryImageOfPage":{"@id":"https:\/\/www.masbeturia.com\/es\/producto\/aceite-oliva-virgen-extra-arbequina-mas-beturia-250-ml\/#primaryimage"},"image":{"@id":"https:\/\/www.masbeturia.com\/es\/producto\/aceite-oliva-virgen-extra-arbequina-mas-beturia-250-ml\/#primaryimage"},"thumbnailUrl":"https:\/\/www.masbeturia.com\/wp-content\/uploads\/2020\/01\/250-ml-FRONTAL.jpg-Arbequina.png","datePublished":"2020-01-17T08:33:18+00:00","dateModified":"2020-04-01T07:02:11+00:00","breadcrumb":{"@id":"https:\/\/www.masbeturia.com\/es\/producto\/aceite-oliva-virgen-extra-arbequina-mas-beturia-250-ml\/#breadcrumb"},"inLanguage":"es","potentialAction":[{"@type":"ReadAction","target":["https:\/\/www.masbeturia.com\/es\/producto\/aceite-oliva-virgen-extra-arbequina-mas-beturia-250-ml\/"]}]},{"@type":"ImageObject","inLanguage":"es","@id":"https:\/\/www.masbeturia.com\/es\/producto\/aceite-oliva-virgen-extra-arbequina-mas-beturia-250-ml\/#primaryimage","url":"https:\/\/www.masbeturia.com\/wp-content\/uploads\/2020\/01\/250-ml-FRONTAL.jpg-Arbequina.png","contentUrl":"https:\/\/www.masbeturia.com\/wp-content\/uploads\/2020\/01\/250-ml-FRONTAL.jpg-Arbequina.png","width":800,"height":800},{"@type":"BreadcrumbList","@id":"https:\/\/www.masbeturia.com\/es\/producto\/aceite-oliva-virgen-extra-arbequina-mas-beturia-250-ml\/#breadcrumb","itemListElement":[{"@type":"ListItem","position":1,"name":"Portada","item":"https:\/\/www.masbeturia.com\/es\/"},{"@type":"ListItem","position":2,"name":"Tienda","item":"https:\/\/www.masbeturia.com\/botiga\/"},{"@type":"ListItem","position":3,"name":"Aceite de oliva virgen extra arbequina Mas Beturi\u00e0 250 ml"}]},{"@type":"WebSite","@id":"https:\/\/www.masbeturia.com\/#website","url":"https:\/\/www.masbeturia.com\/","name":"Mas Beturi\u00e0","description":"","potentialAction":[{"@type":"SearchAction","target":{"@type":"EntryPoint","urlTemplate":"https:\/\/www.masbeturia.com\/?s={search_term_string}"},"query-input":{"@type":"PropertyValueSpecification","valueRequired":true,"valueName":"search_term_string"}}],"inLanguage":"es"}]}},"_links":{"self":[{"href":"https:\/\/www.masbeturia.com\/es\/wp-json\/wp\/v2\/product\/933","targetHints":{"allow":["GET"]}}],"collection":[{"href":"https:\/\/www.masbeturia.com\/es\/wp-json\/wp\/v2\/product"}],"about":[{"href":"https:\/\/www.masbeturia.com\/es\/wp-json\/wp\/v2\/types\/product"}],"wp:featuredmedia":[{"embeddable":true,"href":"https:\/\/www.masbeturia.com\/es\/wp-json\/wp\/v2\/media\/811"}],"wp:attachment":[{"href":"https:\/\/www.masbeturia.com\/es\/wp-json\/wp\/v2\/media?parent=933"}],"wp:term":[{"taxonomy":"product_brand","embeddable":true,"href":"https:\/\/www.masbeturia.com\/es\/wp-json\/wp\/v2\/product_brand?post=933"},{"taxonomy":"product_cat","embeddable":true,"href":"https:\/\/www.masbeturia.com\/es\/wp-json\/wp\/v2\/product_cat?post=933"},{"taxonomy":"product_tag","embeddable":true,"href":"https:\/\/www.masbeturia.com\/es\/wp-json\/wp\/v2\/product_tag?post=933"}],"curies":[{"name":"wp","href":"https:\/\/api.w.org\/{rel}","templated":true}]}}