{"id":936,"date":"2020-03-16T08:53:50","date_gmt":"2020-03-16T08:53:50","guid":{"rendered":"https:\/\/www.masbeturia.com\/producto\/vino-garnacha-blanca-mas-beturia\/"},"modified":"2022-10-19T13:05:20","modified_gmt":"2022-10-19T13:05:20","slug":"vino-garnacha-blanca-mas-beturia","status":"publish","type":"product","link":"https:\/\/www.masbeturia.com\/es\/producto\/vino-garnacha-blanca-mas-beturia\/","title":{"rendered":"Vino garnacha blanca Mas Beturi\u00e0"},"content":{"rendered":"","protected":false},"excerpt":{"rendered":"<p>Aqu\u00ed puedes comprar vino garnacha blanca Mas Beturi\u00e0 de <strong>cosecha propia<\/strong>, un vino Terra Alta complejo, persistente y agradable, con personalidad varietal.<\/p>\n<p>Este es un vino blanco elaborado con las uvas producidas en nuestras fincas familiares, de garnacha blanca 100%.<\/p>\n<p>Ideal para acompa\u00f1ar aperitivos, pescado, marisco, arroz, pasta o embutidos ib\u00e9ricos, es un vino de producci\u00f3n ecol\u00f3gica, que transmite la autenticidad de una tierra cultivada con pasi\u00f3n desde hace generaciones.<\/p>\n<p class=\"tbold\">Nota de cata<\/p>\n<p class=\"p2 tbold\"><span class=\"color-principal\">Color:<\/span> amarillo p\u00e1lido con tonalidades verdosas.<\/p>\n<p class=\"p2 tbold\"><span class=\"color-principal\">Aroma:<\/span> intenso, que recuerda a frutas frescas (pera, manzana) y especies.<\/p>\n<p class=\"p2 tbold\"><span class=\"color-principal\">En boca:<\/span> equilibrado, fresco, envolvente y redondo.<\/p>\n<p class=\"p2 tbold\"><span class=\"color-principal\">Armonizaciones:<\/span> aperitivos, pescados, mariscos, arroces, pastas, jam\u00f3n ib\u00e9rico.<\/p>\n<p class=\"p2 tbold\"><span class=\"color-principal\">Alcohol:<\/span> 13,5\u00ba<\/p>\n<p class=\"p2 tbold\"><span class=\"color-principal\">CONSULTAR DISPONIBILIDAD Y PRECIO<\/span><\/p>\n","protected":false},"featured_media":721,"template":"","meta":{"_et_pb_use_builder":"","_et_pb_old_content":"","_et_gb_content_width":""},"product_cat":[51,50],"product_tag":[],"class_list":{"0":"post-936","1":"product","2":"type-product","3":"status-publish","4":"has-post-thumbnail","6":"product_cat-garnacha-blanca","7":"product_cat-vinos-terra-alta","9":"first","10":"instock","11":"featured","12":"shipping-taxable","13":"product-type-simple"},"yoast_head":"<!-- This site is optimized with the Yoast SEO plugin v23.9 - https:\/\/yoast.com\/wordpress\/plugins\/seo\/ -->\n<title>Vino garnacha blanca Mas Beturi\u00e0 - Mas Beturi\u00e0<\/title>\n<meta name=\"robots\" content=\"index, follow, max-snippet:-1, max-image-preview:large, max-video-preview:-1\" \/>\n<link rel=\"canonical\" href=\"https:\/\/www.masbeturia.com\/es\/producto\/vino-garnacha-blanca-mas-beturia\/\" \/>\n<meta property=\"og:locale\" content=\"es_ES\" \/>\n<meta property=\"og:type\" content=\"article\" \/>\n<meta property=\"og:title\" content=\"Vino garnacha blanca Mas Beturi\u00e0 - Mas Beturi\u00e0\" \/>\n<meta property=\"og:description\" content=\"Aqu\u00ed puedes comprar vino garnacha blanca Mas Beturi\u00e0 de cosecha propia, un vino Terra Alta complejo, persistente y agradable, con personalidad varietal. Este es un vino blanco elaborado con las uvas producidas en nuestras fincas familiares, de garnacha blanca 100%. Ideal para acompa\u00f1ar aperitivos, pescado, marisco, arroz, pasta o embutidos ib\u00e9ricos, es un vino de producci\u00f3n ecol\u00f3gica, que transmite la autenticidad de una tierra cultivada con pasi\u00f3n desde hace generaciones. Nota de cata Color: amarillo p\u00e1lido con tonalidades verdosas. Aroma: intenso, que recuerda a frutas frescas (pera, manzana) y especies. En boca: equilibrado, fresco, envolvente y redondo. Armonizaciones: aperitivos, pescados, mariscos, arroces, pastas, jam\u00f3n ib\u00e9rico. Alcohol: 13,5\u00ba CONSULTAR DISPONIBILIDAD Y PRECIO\" \/>\n<meta property=\"og:url\" content=\"https:\/\/www.masbeturia.com\/es\/producto\/vino-garnacha-blanca-mas-beturia\/\" \/>\n<meta property=\"og:site_name\" content=\"Mas Beturi\u00e0\" \/>\n<meta property=\"article:modified_time\" content=\"2022-10-19T13:05:20+00:00\" \/>\n<meta property=\"og:image\" content=\"https:\/\/www.masbeturia.com\/wp-content\/uploads\/2020\/03\/5-1.png\" \/>\n\t<meta property=\"og:image:width\" content=\"800\" \/>\n\t<meta property=\"og:image:height\" content=\"800\" \/>\n\t<meta property=\"og:image:type\" content=\"image\/png\" \/>\n<meta name=\"twitter:card\" content=\"summary_large_image\" \/>\n<script type=\"application\/ld+json\" class=\"yoast-schema-graph\">{\"@context\":\"https:\/\/schema.org\",\"@graph\":[{\"@type\":\"WebPage\",\"@id\":\"https:\/\/www.masbeturia.com\/es\/producto\/vino-garnacha-blanca-mas-beturia\/\",\"url\":\"https:\/\/www.masbeturia.com\/es\/producto\/vino-garnacha-blanca-mas-beturia\/\",\"name\":\"Vino garnacha blanca Mas Beturi\u00e0 - Mas Beturi\u00e0\",\"isPartOf\":{\"@id\":\"https:\/\/www.masbeturia.com\/#website\"},\"primaryImageOfPage\":{\"@id\":\"https:\/\/www.masbeturia.com\/es\/producto\/vino-garnacha-blanca-mas-beturia\/#primaryimage\"},\"image\":{\"@id\":\"https:\/\/www.masbeturia.com\/es\/producto\/vino-garnacha-blanca-mas-beturia\/#primaryimage\"},\"thumbnailUrl\":\"https:\/\/www.masbeturia.com\/wp-content\/uploads\/2020\/03\/5-1.png\",\"datePublished\":\"2020-03-16T08:53:50+00:00\",\"dateModified\":\"2022-10-19T13:05:20+00:00\",\"breadcrumb\":{\"@id\":\"https:\/\/www.masbeturia.com\/es\/producto\/vino-garnacha-blanca-mas-beturia\/#breadcrumb\"},\"inLanguage\":\"es\",\"potentialAction\":[{\"@type\":\"ReadAction\",\"target\":[\"https:\/\/www.masbeturia.com\/es\/producto\/vino-garnacha-blanca-mas-beturia\/\"]}]},{\"@type\":\"ImageObject\",\"inLanguage\":\"es\",\"@id\":\"https:\/\/www.masbeturia.com\/es\/producto\/vino-garnacha-blanca-mas-beturia\/#primaryimage\",\"url\":\"https:\/\/www.masbeturia.com\/wp-content\/uploads\/2020\/03\/5-1.png\",\"contentUrl\":\"https:\/\/www.masbeturia.com\/wp-content\/uploads\/2020\/03\/5-1.png\",\"width\":800,\"height\":800},{\"@type\":\"BreadcrumbList\",\"@id\":\"https:\/\/www.masbeturia.com\/es\/producto\/vino-garnacha-blanca-mas-beturia\/#breadcrumb\",\"itemListElement\":[{\"@type\":\"ListItem\",\"position\":1,\"name\":\"Portada\",\"item\":\"https:\/\/www.masbeturia.com\/es\/\"},{\"@type\":\"ListItem\",\"position\":2,\"name\":\"Tienda\",\"item\":\"https:\/\/www.masbeturia.com\/botiga\/\"},{\"@type\":\"ListItem\",\"position\":3,\"name\":\"Vino garnacha blanca Mas Beturi\u00e0\"}]},{\"@type\":\"WebSite\",\"@id\":\"https:\/\/www.masbeturia.com\/#website\",\"url\":\"https:\/\/www.masbeturia.com\/\",\"name\":\"Mas Beturi\u00e0\",\"description\":\"\",\"potentialAction\":[{\"@type\":\"SearchAction\",\"target\":{\"@type\":\"EntryPoint\",\"urlTemplate\":\"https:\/\/www.masbeturia.com\/?s={search_term_string}\"},\"query-input\":{\"@type\":\"PropertyValueSpecification\",\"valueRequired\":true,\"valueName\":\"search_term_string\"}}],\"inLanguage\":\"es\"}]}<\/script>\n<!-- \/ Yoast SEO plugin. -->","yoast_head_json":{"title":"Vino garnacha blanca Mas Beturi\u00e0 - Mas Beturi\u00e0","robots":{"index":"index","follow":"follow","max-snippet":"max-snippet:-1","max-image-preview":"max-image-preview:large","max-video-preview":"max-video-preview:-1"},"canonical":"https:\/\/www.masbeturia.com\/es\/producto\/vino-garnacha-blanca-mas-beturia\/","og_locale":"es_ES","og_type":"article","og_title":"Vino garnacha blanca Mas Beturi\u00e0 - Mas Beturi\u00e0","og_description":"Aqu\u00ed puedes comprar vino garnacha blanca Mas Beturi\u00e0 de cosecha propia, un vino Terra Alta complejo, persistente y agradable, con personalidad varietal. Este es un vino blanco elaborado con las uvas producidas en nuestras fincas familiares, de garnacha blanca 100%. Ideal para acompa\u00f1ar aperitivos, pescado, marisco, arroz, pasta o embutidos ib\u00e9ricos, es un vino de producci\u00f3n ecol\u00f3gica, que transmite la autenticidad de una tierra cultivada con pasi\u00f3n desde hace generaciones. Nota de cata Color: amarillo p\u00e1lido con tonalidades verdosas. Aroma: intenso, que recuerda a frutas frescas (pera, manzana) y especies. En boca: equilibrado, fresco, envolvente y redondo. Armonizaciones: aperitivos, pescados, mariscos, arroces, pastas, jam\u00f3n ib\u00e9rico. Alcohol: 13,5\u00ba CONSULTAR DISPONIBILIDAD Y PRECIO","og_url":"https:\/\/www.masbeturia.com\/es\/producto\/vino-garnacha-blanca-mas-beturia\/","og_site_name":"Mas Beturi\u00e0","article_modified_time":"2022-10-19T13:05:20+00:00","og_image":[{"width":800,"height":800,"url":"https:\/\/www.masbeturia.com\/wp-content\/uploads\/2020\/03\/5-1.png","type":"image\/png"}],"twitter_card":"summary_large_image","schema":{"@context":"https:\/\/schema.org","@graph":[{"@type":"WebPage","@id":"https:\/\/www.masbeturia.com\/es\/producto\/vino-garnacha-blanca-mas-beturia\/","url":"https:\/\/www.masbeturia.com\/es\/producto\/vino-garnacha-blanca-mas-beturia\/","name":"Vino garnacha blanca Mas Beturi\u00e0 - Mas Beturi\u00e0","isPartOf":{"@id":"https:\/\/www.masbeturia.com\/#website"},"primaryImageOfPage":{"@id":"https:\/\/www.masbeturia.com\/es\/producto\/vino-garnacha-blanca-mas-beturia\/#primaryimage"},"image":{"@id":"https:\/\/www.masbeturia.com\/es\/producto\/vino-garnacha-blanca-mas-beturia\/#primaryimage"},"thumbnailUrl":"https:\/\/www.masbeturia.com\/wp-content\/uploads\/2020\/03\/5-1.png","datePublished":"2020-03-16T08:53:50+00:00","dateModified":"2022-10-19T13:05:20+00:00","breadcrumb":{"@id":"https:\/\/www.masbeturia.com\/es\/producto\/vino-garnacha-blanca-mas-beturia\/#breadcrumb"},"inLanguage":"es","potentialAction":[{"@type":"ReadAction","target":["https:\/\/www.masbeturia.com\/es\/producto\/vino-garnacha-blanca-mas-beturia\/"]}]},{"@type":"ImageObject","inLanguage":"es","@id":"https:\/\/www.masbeturia.com\/es\/producto\/vino-garnacha-blanca-mas-beturia\/#primaryimage","url":"https:\/\/www.masbeturia.com\/wp-content\/uploads\/2020\/03\/5-1.png","contentUrl":"https:\/\/www.masbeturia.com\/wp-content\/uploads\/2020\/03\/5-1.png","width":800,"height":800},{"@type":"BreadcrumbList","@id":"https:\/\/www.masbeturia.com\/es\/producto\/vino-garnacha-blanca-mas-beturia\/#breadcrumb","itemListElement":[{"@type":"ListItem","position":1,"name":"Portada","item":"https:\/\/www.masbeturia.com\/es\/"},{"@type":"ListItem","position":2,"name":"Tienda","item":"https:\/\/www.masbeturia.com\/botiga\/"},{"@type":"ListItem","position":3,"name":"Vino garnacha blanca Mas Beturi\u00e0"}]},{"@type":"WebSite","@id":"https:\/\/www.masbeturia.com\/#website","url":"https:\/\/www.masbeturia.com\/","name":"Mas Beturi\u00e0","description":"","potentialAction":[{"@type":"SearchAction","target":{"@type":"EntryPoint","urlTemplate":"https:\/\/www.masbeturia.com\/?s={search_term_string}"},"query-input":{"@type":"PropertyValueSpecification","valueRequired":true,"valueName":"search_term_string"}}],"inLanguage":"es"}]}},"_links":{"self":[{"href":"https:\/\/www.masbeturia.com\/es\/wp-json\/wp\/v2\/product\/936","targetHints":{"allow":["GET"]}}],"collection":[{"href":"https:\/\/www.masbeturia.com\/es\/wp-json\/wp\/v2\/product"}],"about":[{"href":"https:\/\/www.masbeturia.com\/es\/wp-json\/wp\/v2\/types\/product"}],"wp:featuredmedia":[{"embeddable":true,"href":"https:\/\/www.masbeturia.com\/es\/wp-json\/wp\/v2\/media\/721"}],"wp:attachment":[{"href":"https:\/\/www.masbeturia.com\/es\/wp-json\/wp\/v2\/media?parent=936"}],"wp:term":[{"taxonomy":"product_cat","embeddable":true,"href":"https:\/\/www.masbeturia.com\/es\/wp-json\/wp\/v2\/product_cat?post=936"},{"taxonomy":"product_tag","embeddable":true,"href":"https:\/\/www.masbeturia.com\/es\/wp-json\/wp\/v2\/product_tag?post=936"}],"curies":[{"name":"wp","href":"https:\/\/api.w.org\/{rel}","templated":true}]}}