{"id":939,"date":"2020-03-16T09:29:09","date_gmt":"2020-03-16T09:29:09","guid":{"rendered":"https:\/\/www.masbeturia.com\/producto\/pack-regalo-3-botellas-de-vino-garnacha\/"},"modified":"2022-10-19T13:08:06","modified_gmt":"2022-10-19T13:08:06","slug":"pack-regalo-3-botellas-de-vino-garnacha","status":"publish","type":"product","link":"https:\/\/www.masbeturia.com\/es\/producto\/pack-regalo-3-botellas-de-vino-garnacha\/","title":{"rendered":"Lote regalo 3 botellas de vino garnacha"},"content":{"rendered":"","protected":false},"excerpt":{"rendered":"<p>El lote regalo 3 botellas de vino Mas Beturi\u00e0 contiene:<\/p>\n<ul class=\"p1\">\n<li>1 botella de vino blanco (garnacha blanca)<\/li>\n<li>2 botellas de vino tinto (garnacha tinta)<\/li>\n<\/ul>\n<p class=\"p2 tbold\"><span class=\"color-principal\">CONSULTAR DISPONIBILIDAD Y PRECIO<\/span><\/p>\n<p>Un lote de productos de cosecha propia elaborados en nuestras fincas familiares situadas en Batea (Terra Alta) que mejoran desde los platos m\u00e1s sencillos hasta las recetas m\u00e1s gourmet.<\/p>\n<p class=\"tbold\">Lotes de regalo a medida<\/p>\n<p>Para solicitar otras combinaciones de lotes, pod\u00e9is enviar un correo electr\u00f3nico a  <a href=\"mailto:info@masbeturia.com\">info@masbeturia.com<\/a> o llamar al 649 054 824 para pedir presupuesto.<\/p>\n","protected":false},"featured_media":727,"template":"","meta":{"_et_pb_use_builder":"","_et_pb_old_content":"","_et_gb_content_width":""},"product_brand":[],"product_cat":[44],"product_tag":[],"class_list":{"0":"post-939","1":"product","2":"type-product","3":"status-publish","4":"has-post-thumbnail","6":"product_cat-packs-regalo","8":"first","9":"instock","10":"shipping-taxable","11":"product-type-simple"},"yoast_head":"<!-- This site is optimized with the Yoast SEO plugin v27.4 - https:\/\/yoast.com\/product\/yoast-seo-wordpress\/ -->\n<title>Lote regalo 3 botellas de vino garnacha - Mas Beturi\u00e0<\/title>\n<meta name=\"robots\" content=\"index, follow, max-snippet:-1, max-image-preview:large, max-video-preview:-1\" \/>\n<link rel=\"canonical\" href=\"https:\/\/www.masbeturia.com\/producte\/lot-regal-3-ampolles-de-vi-garnatxa\/\" \/>\n<meta property=\"og:locale\" content=\"es_ES\" \/>\n<meta property=\"og:type\" content=\"article\" \/>\n<meta property=\"og:title\" content=\"Lote regalo 3 botellas de vino garnacha - Mas Beturi\u00e0\" \/>\n<meta property=\"og:description\" content=\"El lote regalo 3 botellas de vino Mas Beturi\u00e0 contiene:  1 botella de vino blanco (garnacha blanca) 2 botellas de vino tinto (garnacha tinta)  CONSULTAR DISPONIBILIDAD Y PRECIO Un lote de productos de cosecha propia elaborados en nuestras fincas familiares situadas en Batea (Terra Alta) que mejoran desde los platos m\u00e1s sencillos hasta las recetas m\u00e1s gourmet. Lotes de regalo a medida Para solicitar otras combinaciones de lotes, pod\u00e9is enviar un correo electr\u00f3nico a info@masbeturia.com o llamar al 649 054 824 para pedir presupuesto.\" \/>\n<meta property=\"og:url\" content=\"https:\/\/www.masbeturia.com\/producte\/lot-regal-3-ampolles-de-vi-garnatxa\/\" \/>\n<meta property=\"og:site_name\" content=\"Mas Beturi\u00e0\" \/>\n<meta property=\"article:modified_time\" content=\"2022-10-19T13:08:06+00:00\" \/>\n<meta property=\"og:image\" content=\"https:\/\/www.masbeturia.com\/wp-content\/uploads\/2020\/03\/2-1.png\" \/>\n\t<meta property=\"og:image:width\" content=\"800\" \/>\n\t<meta property=\"og:image:height\" content=\"800\" \/>\n\t<meta property=\"og:image:type\" content=\"image\/png\" \/>\n<meta name=\"twitter:card\" content=\"summary_large_image\" \/>\n<script type=\"application\/ld+json\" class=\"yoast-schema-graph\">{\"@context\":\"https:\\\/\\\/schema.org\",\"@graph\":[{\"@type\":\"WebPage\",\"@id\":\"https:\\\/\\\/www.masbeturia.com\\\/producte\\\/lot-regal-3-ampolles-de-vi-garnatxa\\\/\",\"url\":\"https:\\\/\\\/www.masbeturia.com\\\/producte\\\/lot-regal-3-ampolles-de-vi-garnatxa\\\/\",\"name\":\"Lote regalo 3 botellas de vino garnacha - Mas Beturi\u00e0\",\"isPartOf\":{\"@id\":\"https:\\\/\\\/www.masbeturia.com\\\/#website\"},\"primaryImageOfPage\":{\"@id\":\"https:\\\/\\\/www.masbeturia.com\\\/producte\\\/lot-regal-3-ampolles-de-vi-garnatxa\\\/#primaryimage\"},\"image\":{\"@id\":\"https:\\\/\\\/www.masbeturia.com\\\/producte\\\/lot-regal-3-ampolles-de-vi-garnatxa\\\/#primaryimage\"},\"thumbnailUrl\":\"https:\\\/\\\/www.masbeturia.com\\\/wp-content\\\/uploads\\\/2020\\\/03\\\/2-1.png\",\"datePublished\":\"2020-03-16T09:29:09+00:00\",\"dateModified\":\"2022-10-19T13:08:06+00:00\",\"breadcrumb\":{\"@id\":\"https:\\\/\\\/www.masbeturia.com\\\/producte\\\/lot-regal-3-ampolles-de-vi-garnatxa\\\/#breadcrumb\"},\"inLanguage\":\"es\",\"potentialAction\":[{\"@type\":\"ReadAction\",\"target\":[\"https:\\\/\\\/www.masbeturia.com\\\/producte\\\/lot-regal-3-ampolles-de-vi-garnatxa\\\/\"]}]},{\"@type\":\"ImageObject\",\"inLanguage\":\"es\",\"@id\":\"https:\\\/\\\/www.masbeturia.com\\\/producte\\\/lot-regal-3-ampolles-de-vi-garnatxa\\\/#primaryimage\",\"url\":\"https:\\\/\\\/www.masbeturia.com\\\/wp-content\\\/uploads\\\/2020\\\/03\\\/2-1.png\",\"contentUrl\":\"https:\\\/\\\/www.masbeturia.com\\\/wp-content\\\/uploads\\\/2020\\\/03\\\/2-1.png\",\"width\":800,\"height\":800},{\"@type\":\"BreadcrumbList\",\"@id\":\"https:\\\/\\\/www.masbeturia.com\\\/producte\\\/lot-regal-3-ampolles-de-vi-garnatxa\\\/#breadcrumb\",\"itemListElement\":[{\"@type\":\"ListItem\",\"position\":1,\"name\":\"Portada\",\"item\":\"https:\\\/\\\/www.masbeturia.com\\\/es\\\/\"},{\"@type\":\"ListItem\",\"position\":2,\"name\":\"Tienda\",\"item\":\"https:\\\/\\\/www.masbeturia.com\\\/botiga\\\/\"},{\"@type\":\"ListItem\",\"position\":3,\"name\":\"Lote regalo 3 botellas de vino garnacha\"}]},{\"@type\":\"WebSite\",\"@id\":\"https:\\\/\\\/www.masbeturia.com\\\/#website\",\"url\":\"https:\\\/\\\/www.masbeturia.com\\\/\",\"name\":\"Mas Beturi\u00e0\",\"description\":\"\",\"potentialAction\":[{\"@type\":\"SearchAction\",\"target\":{\"@type\":\"EntryPoint\",\"urlTemplate\":\"https:\\\/\\\/www.masbeturia.com\\\/?s={search_term_string}\"},\"query-input\":{\"@type\":\"PropertyValueSpecification\",\"valueRequired\":true,\"valueName\":\"search_term_string\"}}],\"inLanguage\":\"es\"}]}<\/script>\n<!-- \/ Yoast SEO plugin. -->","yoast_head_json":{"title":"Lote regalo 3 botellas de vino garnacha - Mas Beturi\u00e0","robots":{"index":"index","follow":"follow","max-snippet":"max-snippet:-1","max-image-preview":"max-image-preview:large","max-video-preview":"max-video-preview:-1"},"canonical":"https:\/\/www.masbeturia.com\/producte\/lot-regal-3-ampolles-de-vi-garnatxa\/","og_locale":"es_ES","og_type":"article","og_title":"Lote regalo 3 botellas de vino garnacha - Mas Beturi\u00e0","og_description":"El lote regalo 3 botellas de vino Mas Beturi\u00e0 contiene:  1 botella de vino blanco (garnacha blanca) 2 botellas de vino tinto (garnacha tinta)  CONSULTAR DISPONIBILIDAD Y PRECIO Un lote de productos de cosecha propia elaborados en nuestras fincas familiares situadas en Batea (Terra Alta) que mejoran desde los platos m\u00e1s sencillos hasta las recetas m\u00e1s gourmet. Lotes de regalo a medida Para solicitar otras combinaciones de lotes, pod\u00e9is enviar un correo electr\u00f3nico a info@masbeturia.com o llamar al 649 054 824 para pedir presupuesto.","og_url":"https:\/\/www.masbeturia.com\/producte\/lot-regal-3-ampolles-de-vi-garnatxa\/","og_site_name":"Mas Beturi\u00e0","article_modified_time":"2022-10-19T13:08:06+00:00","og_image":[{"width":800,"height":800,"url":"https:\/\/www.masbeturia.com\/wp-content\/uploads\/2020\/03\/2-1.png","type":"image\/png"}],"twitter_card":"summary_large_image","schema":{"@context":"https:\/\/schema.org","@graph":[{"@type":"WebPage","@id":"https:\/\/www.masbeturia.com\/producte\/lot-regal-3-ampolles-de-vi-garnatxa\/","url":"https:\/\/www.masbeturia.com\/producte\/lot-regal-3-ampolles-de-vi-garnatxa\/","name":"Lote regalo 3 botellas de vino garnacha - Mas Beturi\u00e0","isPartOf":{"@id":"https:\/\/www.masbeturia.com\/#website"},"primaryImageOfPage":{"@id":"https:\/\/www.masbeturia.com\/producte\/lot-regal-3-ampolles-de-vi-garnatxa\/#primaryimage"},"image":{"@id":"https:\/\/www.masbeturia.com\/producte\/lot-regal-3-ampolles-de-vi-garnatxa\/#primaryimage"},"thumbnailUrl":"https:\/\/www.masbeturia.com\/wp-content\/uploads\/2020\/03\/2-1.png","datePublished":"2020-03-16T09:29:09+00:00","dateModified":"2022-10-19T13:08:06+00:00","breadcrumb":{"@id":"https:\/\/www.masbeturia.com\/producte\/lot-regal-3-ampolles-de-vi-garnatxa\/#breadcrumb"},"inLanguage":"es","potentialAction":[{"@type":"ReadAction","target":["https:\/\/www.masbeturia.com\/producte\/lot-regal-3-ampolles-de-vi-garnatxa\/"]}]},{"@type":"ImageObject","inLanguage":"es","@id":"https:\/\/www.masbeturia.com\/producte\/lot-regal-3-ampolles-de-vi-garnatxa\/#primaryimage","url":"https:\/\/www.masbeturia.com\/wp-content\/uploads\/2020\/03\/2-1.png","contentUrl":"https:\/\/www.masbeturia.com\/wp-content\/uploads\/2020\/03\/2-1.png","width":800,"height":800},{"@type":"BreadcrumbList","@id":"https:\/\/www.masbeturia.com\/producte\/lot-regal-3-ampolles-de-vi-garnatxa\/#breadcrumb","itemListElement":[{"@type":"ListItem","position":1,"name":"Portada","item":"https:\/\/www.masbeturia.com\/es\/"},{"@type":"ListItem","position":2,"name":"Tienda","item":"https:\/\/www.masbeturia.com\/botiga\/"},{"@type":"ListItem","position":3,"name":"Lote regalo 3 botellas de vino garnacha"}]},{"@type":"WebSite","@id":"https:\/\/www.masbeturia.com\/#website","url":"https:\/\/www.masbeturia.com\/","name":"Mas Beturi\u00e0","description":"","potentialAction":[{"@type":"SearchAction","target":{"@type":"EntryPoint","urlTemplate":"https:\/\/www.masbeturia.com\/?s={search_term_string}"},"query-input":{"@type":"PropertyValueSpecification","valueRequired":true,"valueName":"search_term_string"}}],"inLanguage":"es"}]}},"_links":{"self":[{"href":"https:\/\/www.masbeturia.com\/es\/wp-json\/wp\/v2\/product\/939","targetHints":{"allow":["GET"]}}],"collection":[{"href":"https:\/\/www.masbeturia.com\/es\/wp-json\/wp\/v2\/product"}],"about":[{"href":"https:\/\/www.masbeturia.com\/es\/wp-json\/wp\/v2\/types\/product"}],"wp:featuredmedia":[{"embeddable":true,"href":"https:\/\/www.masbeturia.com\/es\/wp-json\/wp\/v2\/media\/727"}],"wp:attachment":[{"href":"https:\/\/www.masbeturia.com\/es\/wp-json\/wp\/v2\/media?parent=939"}],"wp:term":[{"taxonomy":"product_brand","embeddable":true,"href":"https:\/\/www.masbeturia.com\/es\/wp-json\/wp\/v2\/product_brand?post=939"},{"taxonomy":"product_cat","embeddable":true,"href":"https:\/\/www.masbeturia.com\/es\/wp-json\/wp\/v2\/product_cat?post=939"},{"taxonomy":"product_tag","embeddable":true,"href":"https:\/\/www.masbeturia.com\/es\/wp-json\/wp\/v2\/product_tag?post=939"}],"curies":[{"name":"wp","href":"https:\/\/api.w.org\/{rel}","templated":true}]}}